{"id":7,"date":"2017-10-03T12:26:00","date_gmt":"2017-10-03T10:26:00","guid":{"rendered":"http:\/\/test.kama-maschinenbau.de\/?page_id=7"},"modified":"2026-02-19T15:24:01","modified_gmt":"2026-02-19T14:24:01","slug":"unsere-leistungen","status":"publish","type":"page","link":"https:\/\/www.kama-maschinenbau.de\/web\/unsere-leistungen\/","title":{"rendered":"Unsere Leistungen"},"content":{"rendered":"<h1>Unsere Leistungen<\/h1>\n<p>Wir entwickeln individuelle Maschinen und Anlagen, die Ihre Produktion effizienter, sicherer und wirtschaftlicher machen. Unsere Leistungen umfassen:<\/p>\n<p>Von der ersten Idee \u00fcber Konstruktion und Fertigung bis hin zu Inbetriebnahme und Service begleiten wir Sie als zuverl\u00e4ssiger Partner.<\/p>\n<p>F\u00fcr n\u00e4here Informationen klicken Sie auf den jeweiligen Bereich:<\/p>\n<ul>\n<li><a href=\"https:\/\/www.kama-maschinenbau.de\/web\/unsere-leistungen\/engineering\/\">Unser Engineering<\/a><\/li>\n<li><a href=\"https:\/\/www.kama-maschinenbau.de\/web\/unsere-leistungen\/produkte\/\">Unsere Technologien &amp; Kompetenzen<\/a><\/li>\n<li><a href=\"https:\/\/www.kama-maschinenbau.de\/web\/unsere-leistungen\/fertigung\/\">Unser Maschinenpark<\/a><\/li>\n<li><a href=\"https:\/\/www.kama-maschinenbau.de\/web\/unsere-leistungen\/service\/\">Unser Service &amp; After Sales<\/a><\/li>\n<\/ul>\n\n\n<p>Kontaktfolien f\u00fcr Taschenrechner, L\u00fcftungsd\u00fcsen in Autos oder eine vollautomatische Fertigungslinie f\u00fcr Staubsaugerbeutel haben eines gemeinsam: Die Maschinen, auf denen diese so unterschiedlichen Gebrauchsgegenst\u00e4nde hergestellt werden, kommen aus Sch\u00f6nwald.<\/p>\n\n\n\n<p>Unser hochqualifiziertes, technisch kompetentes Personal mit jahrzehntelanger Erfahrung im Bau von Maschinen und Anlagen ist die Grundlage f\u00fcr diesen Erfolg.<br>Daraus entstehen innovative Technologien, Sondermaschinen, Produktionslinien, Anlagen und Zubeh\u00f6r.<\/p>\n\n\n\n<p>Dahinter verbergen sich unter anderem Anwendungstechnologien und Verfahren f\u00fcr: Ultraschall-, Spiegel-, Reib-, Rotations- und W\u00e4rmeimpulsschwei\u00dfen.<\/p>\n\n\n\n<p>Sprechen Sie mit uns &#8211; auch f\u00fcr Sie haben wir sicherlich ein \u00fcberzeugendes L\u00f6sungskonzept.<\/p>\n","protected":false},"excerpt":{"rendered":"<p>Unsere Leistungen Wir entwickeln individuelle Maschinen und Anlagen, die Ihre Produktion effizienter, sicherer und wirtschaftlicher machen. Unsere Leistungen umfassen: Von der ersten Idee \u00fcber Konstruktion und Fertigung bis hin zu Inbetriebnahme und Service begleiten wir Sie als zuverl\u00e4ssiger Partner. F\u00fcr n\u00e4here Informationen klicken Sie auf den jeweiligen Bereich: Unser Engineering Unsere Technologien &amp; Kompetenzen Unser [&hellip;]<\/p>\n","protected":false},"author":1,"featured_media":0,"parent":0,"menu_order":3,"comment_status":"closed","ping_status":"closed","template":"","meta":{"footnotes":""},"yoast_head":"<!-- This site is optimized with the Yoast SEO plugin v20.0 - https:\/\/yoast.com\/wordpress\/plugins\/seo\/ -->\n<title>Unsere Leistungen - kama Maschinenbau GmbH<\/title>\n<meta name=\"description\" content=\"Wir entwickeln individuelle Maschinen und Anlagen, die Ihre Produktion effizienter, sicherer und wirtschaftlicher machen\" \/>\n<meta name=\"robots\" content=\"index, follow, max-snippet:-1, max-image-preview:large, max-video-preview:-1\" \/>\n<link rel=\"canonical\" href=\"https:\/\/www.kama-maschinenbau.de\/web\/unsere-leistungen\/\" \/>\n<meta property=\"og:locale\" content=\"de_DE\" \/>\n<meta property=\"og:type\" content=\"article\" \/>\n<meta property=\"og:title\" content=\"Unsere Leistungen - kama Maschinenbau GmbH\" \/>\n<meta property=\"og:description\" content=\"Wir entwickeln individuelle Maschinen und Anlagen, die Ihre Produktion effizienter, sicherer und wirtschaftlicher machen\" \/>\n<meta property=\"og:url\" content=\"https:\/\/www.kama-maschinenbau.de\/web\/unsere-leistungen\/\" \/>\n<meta property=\"og:site_name\" content=\"kama Maschinenbau GmbH\" \/>\n<meta property=\"article:modified_time\" content=\"2026-02-19T14:24:01+00:00\" \/>\n<meta name=\"twitter:card\" content=\"summary_large_image\" \/>\n<meta name=\"twitter:label1\" content=\"Gesch\u00e4tzte Lesezeit\" \/>\n\t<meta name=\"twitter:data1\" content=\"1 Minute\" \/>\n<script type=\"application\/ld+json\" class=\"yoast-schema-graph\">{\"@context\":\"https:\/\/schema.org\",\"@graph\":[{\"@type\":\"WebPage\",\"@id\":\"https:\/\/www.kama-maschinenbau.de\/web\/unsere-leistungen\/\",\"url\":\"https:\/\/www.kama-maschinenbau.de\/web\/unsere-leistungen\/\",\"name\":\"Unsere Leistungen - kama Maschinenbau GmbH\",\"isPartOf\":{\"@id\":\"https:\/\/www.kama-maschinenbau.de\/web\/#website\"},\"datePublished\":\"2017-10-03T10:26:00+00:00\",\"dateModified\":\"2026-02-19T14:24:01+00:00\",\"description\":\"Wir entwickeln individuelle Maschinen und Anlagen, die Ihre Produktion effizienter, sicherer und wirtschaftlicher machen\",\"breadcrumb\":{\"@id\":\"https:\/\/www.kama-maschinenbau.de\/web\/unsere-leistungen\/#breadcrumb\"},\"inLanguage\":\"de-DE\",\"potentialAction\":[{\"@type\":\"ReadAction\",\"target\":[\"https:\/\/www.kama-maschinenbau.de\/web\/unsere-leistungen\/\"]}]},{\"@type\":\"BreadcrumbList\",\"@id\":\"https:\/\/www.kama-maschinenbau.de\/web\/unsere-leistungen\/#breadcrumb\",\"itemListElement\":[{\"@type\":\"ListItem\",\"position\":1,\"name\":\"Home\",\"item\":\"https:\/\/www.kama-maschinenbau.de\/web\/\"},{\"@type\":\"ListItem\",\"position\":2,\"name\":\"Unsere Leistungen\"}]},{\"@type\":\"WebSite\",\"@id\":\"https:\/\/www.kama-maschinenbau.de\/web\/#website\",\"url\":\"https:\/\/www.kama-maschinenbau.de\/web\/\",\"name\":\"kama Maschinenbau GmbH\",\"description\":\"Willkommen. Planung und Fertigung von Bauteilen, Baugruppen bis hin zu kompletten Anlagen. Zertifizierter Fachbetrieb mit Tradition. Sondermaschinenbau, u.v.m.\",\"potentialAction\":[{\"@type\":\"SearchAction\",\"target\":{\"@type\":\"EntryPoint\",\"urlTemplate\":\"https:\/\/www.kama-maschinenbau.de\/web\/?s={search_term_string}\"},\"query-input\":\"required name=search_term_string\"}],\"inLanguage\":\"de-DE\"}]}<\/script>\n<!-- \/ Yoast SEO plugin. -->","yoast_head_json":{"title":"Unsere Leistungen - kama Maschinenbau GmbH","description":"Wir entwickeln individuelle Maschinen und Anlagen, die Ihre Produktion effizienter, sicherer und wirtschaftlicher machen","robots":{"index":"index","follow":"follow","max-snippet":"max-snippet:-1","max-image-preview":"max-image-preview:large","max-video-preview":"max-video-preview:-1"},"canonical":"https:\/\/www.kama-maschinenbau.de\/web\/unsere-leistungen\/","og_locale":"de_DE","og_type":"article","og_title":"Unsere Leistungen - kama Maschinenbau GmbH","og_description":"Wir entwickeln individuelle Maschinen und Anlagen, die Ihre Produktion effizienter, sicherer und wirtschaftlicher machen","og_url":"https:\/\/www.kama-maschinenbau.de\/web\/unsere-leistungen\/","og_site_name":"kama Maschinenbau GmbH","article_modified_time":"2026-02-19T14:24:01+00:00","twitter_card":"summary_large_image","twitter_misc":{"Gesch\u00e4tzte Lesezeit":"1 Minute"},"schema":{"@context":"https:\/\/schema.org","@graph":[{"@type":"WebPage","@id":"https:\/\/www.kama-maschinenbau.de\/web\/unsere-leistungen\/","url":"https:\/\/www.kama-maschinenbau.de\/web\/unsere-leistungen\/","name":"Unsere Leistungen - kama Maschinenbau GmbH","isPartOf":{"@id":"https:\/\/www.kama-maschinenbau.de\/web\/#website"},"datePublished":"2017-10-03T10:26:00+00:00","dateModified":"2026-02-19T14:24:01+00:00","description":"Wir entwickeln individuelle Maschinen und Anlagen, die Ihre Produktion effizienter, sicherer und wirtschaftlicher machen","breadcrumb":{"@id":"https:\/\/www.kama-maschinenbau.de\/web\/unsere-leistungen\/#breadcrumb"},"inLanguage":"de-DE","potentialAction":[{"@type":"ReadAction","target":["https:\/\/www.kama-maschinenbau.de\/web\/unsere-leistungen\/"]}]},{"@type":"BreadcrumbList","@id":"https:\/\/www.kama-maschinenbau.de\/web\/unsere-leistungen\/#breadcrumb","itemListElement":[{"@type":"ListItem","position":1,"name":"Home","item":"https:\/\/www.kama-maschinenbau.de\/web\/"},{"@type":"ListItem","position":2,"name":"Unsere Leistungen"}]},{"@type":"WebSite","@id":"https:\/\/www.kama-maschinenbau.de\/web\/#website","url":"https:\/\/www.kama-maschinenbau.de\/web\/","name":"kama Maschinenbau GmbH","description":"Willkommen. Planung und Fertigung von Bauteilen, Baugruppen bis hin zu kompletten Anlagen. Zertifizierter Fachbetrieb mit Tradition. Sondermaschinenbau, u.v.m.","potentialAction":[{"@type":"SearchAction","target":{"@type":"EntryPoint","urlTemplate":"https:\/\/www.kama-maschinenbau.de\/web\/?s={search_term_string}"},"query-input":"required name=search_term_string"}],"inLanguage":"de-DE"}]}},"_links":{"self":[{"href":"https:\/\/www.kama-maschinenbau.de\/web\/wp-json\/wp\/v2\/pages\/7"}],"collection":[{"href":"https:\/\/www.kama-maschinenbau.de\/web\/wp-json\/wp\/v2\/pages"}],"about":[{"href":"https:\/\/www.kama-maschinenbau.de\/web\/wp-json\/wp\/v2\/types\/page"}],"author":[{"embeddable":true,"href":"https:\/\/www.kama-maschinenbau.de\/web\/wp-json\/wp\/v2\/users\/1"}],"replies":[{"embeddable":true,"href":"https:\/\/www.kama-maschinenbau.de\/web\/wp-json\/wp\/v2\/comments?post=7"}],"version-history":[{"count":6,"href":"https:\/\/www.kama-maschinenbau.de\/web\/wp-json\/wp\/v2\/pages\/7\/revisions"}],"predecessor-version":[{"id":46759,"href":"https:\/\/www.kama-maschinenbau.de\/web\/wp-json\/wp\/v2\/pages\/7\/revisions\/46759"}],"wp:attachment":[{"href":"https:\/\/www.kama-maschinenbau.de\/web\/wp-json\/wp\/v2\/media?parent=7"}],"curies":[{"name":"wp","href":"https:\/\/api.w.org\/{rel}","templated":true}]}}