{"id":33,"date":"2017-10-03T13:25:23","date_gmt":"2017-10-03T11:25:23","guid":{"rendered":"http:\/\/test.kama-maschinenbau.de\/?page_id=33"},"modified":"2026-02-19T15:30:05","modified_gmt":"2026-02-19T14:30:05","slug":"maschinenpark","status":"publish","type":"page","link":"https:\/\/www.kama-maschinenbau.de\/web\/unsere-leistungen\/maschinenpark\/","title":{"rendered":"Maschinenpark"},"content":{"rendered":"\n<h1 class=\"wp-block-heading\">Fertigung<\/h1>\n\n\n\n<p>In der Fertigung beherrschen die Mitarbeiter alle g\u00e4ngigen Verarbeitungsmethoden. Nachfolgend erhalten Sie einen \u00dcberblick \u00fcber unsere Fertigungsm\u00f6glichkeiten:<\/p>\n\n\n\n<p><strong>Dreh\/Fr\u00e4s-Bearbeitungszentrum<\/strong>:<\/p>\n\n\n\n<p>Verfahrweg: x = 2500mm, y = 1200mm, z = 1000mm<\/p>\n\n\n\n<p>Rundtisch C-Achse \u00d8 = 1000mm, H\u00f6he = 800mm, Drehfunktion = 400 U\/min<\/p>\n\n\n\n<p>A-Achse \u00d8 = 400mm, L\u00e4nge = 1800mm, Drehfunktion = 300 U\/min<\/p>\n\n\n\n<p>B-Achse = +\/- 105\u00b0<\/p>\n\n\n\n<p>Tischbelastung = 1400kg \/ Meter<\/p>\n\n\n\n<div class=\"wp-block-group is-layout-flow wp-block-group-is-layout-flow\"><div class=\"wp-block-group__inner-container\">\n<p><strong>Drehteile: <\/strong><\/p>\n\n\n\n<div class=\"wp-block-group is-layout-flow wp-block-group-is-layout-flow\"><div class=\"wp-block-group__inner-container\">\n<p>CNC-Drehmaschinen: \u00d8 5 bis \u00d8 60mm, Drehl\u00e4nge 1000mm mit Stangenvorschub; \u00d8 5 bis \u00d8 400mm, Drehl\u00e4nge 1000mm; \u00d8 200 bis \u00d8 500mm, Drehl\u00e4nge 400mm<\/p>\n<\/div><\/div>\n<\/div><\/div>\n\n\n\n<div class=\"wp-block-group is-layout-flow wp-block-group-is-layout-flow\"><div class=\"wp-block-group__inner-container\">\n<p>NC-Drehmaschinen: \u00d8 2 bis \u00d8 350mm, Drehl\u00e4nge 1000mm<\/p>\n\n\n\n<p>konventionelle Drehmaschinen: bis \u00d8 850mm, Drehl\u00e4nge 2000mm<\/p>\n\n\n\n<p><strong>Fr\u00e4steile:<\/strong><\/p>\n\n\n\n<p>CNC-Fr\u00e4smaschinen: Verfahrweg x = 1200, y = 440, z = 440mm mit Hurronkopf; Verfahrweg x = 630, y = 350, z = 600mm; Verfahrweg x = 1000, y = 500, z = 600mm<\/p>\n\n\n\n<p>CNC-Fr\u00e4smaschinen mit bis zu 4 Achsen simultan und 5. Achse sperrbar: Verfahrweg x = 1400, y = 700, z = 700mm<\/p>\n\n\n\n<p>CNC-Fr\u00e4smaschinen mit bis zu 5 Achsen simultan: Verfahrweg x = 650, y = 500, z = 500mm<\/p>\n\n\n\n<p>konventionelle Fr\u00e4smaschine: Verfahrweg x = 400, y = 250, z = 250mm<\/p>\n\n\n\n<p><strong>Schleifen:<\/strong><\/p>\n\n\n\n<p>Rundschleifen: bis Au\u00dfendurchmesser 200mm max. 1000mm L\u00e4nge; bis Innendurchmesser 200mm max. 150mm L\u00e4nge<\/p>\n\n\n\n<p>Flachschleifen: bis (LxBxH) 500 x 200 x 200mm<\/p>\n\n\n\n<p>Platten Schleifen: bis (BxH) 1300 x 150mm<\/p>\n\n\n\n<p><strong>Nuten:<\/strong><\/p>\n\n\n\n<p>bis 40mm (P9)<\/p>\n\n\n\n<p><strong>Wasserstrahlschneiden:<\/strong><\/p>\n\n\n\n<p>Plattengr\u00f6\u00dfe bis max. 3000 x 2000mm, St\u00e4rke bei Stahl bis 100mm <\/p>\n\n\n\n<p><strong>Sand- \/ Glasperlenstrahlen:<\/strong><\/p>\n\n\n\n<p>bis max. (LxBxH) 1000 x 800 x 500mm<\/p>\n\n\n\n<p><strong>Draht-Erodieren:<\/strong><\/p>\n\n\n\n<p>Verfahrweg x = 650, y = 400, z = 420mm<\/p>\n\n\n\n<p>Verfahrweg UV = 130mm<\/p>\n\n\n\n<p>Tischbelastung (max.) 1.000kg<\/p>\n\n\n\n<p><strong>Senk-Erodieren<\/strong><\/p>\n\n\n\n<p><\/p>\n\n\n\n<p><strong>Laserbeschriften:<\/strong><\/p>\n\n\n\n<p>Laserbereich: 150 x 150 x 130mm (Mittig in der Laserkabine) Kabinenabma\u00dfe: 640 x 440mm<\/p>\n<\/div><\/div>\n\n\n\n<p><\/p>\n\n\n\n<p>Selbstverst\u00e4ndlich f\u00fchrt das Unternehmen auch die mechanische Montage inkl. Pneumatik sowie Elektroinstallationen oder Programmierungen durch.<\/p>\n\n\n\n<p><\/p>\n","protected":false},"excerpt":{"rendered":"<p>Fertigung In der Fertigung beherrschen die Mitarbeiter alle g\u00e4ngigen Verarbeitungsmethoden. Nachfolgend erhalten Sie einen \u00dcberblick \u00fcber unsere Fertigungsm\u00f6glichkeiten: Dreh\/Fr\u00e4s-Bearbeitungszentrum: Verfahrweg: x = 2500mm, y = 1200mm, z = 1000mm Rundtisch C-Achse \u00d8 = 1000mm, H\u00f6he = 800mm, Drehfunktion = 400 U\/min A-Achse \u00d8 = 400mm, L\u00e4nge = 1800mm, Drehfunktion = 300 U\/min B-Achse = +\/- [&hellip;]<\/p>\n","protected":false},"author":1,"featured_media":0,"parent":7,"menu_order":3,"comment_status":"closed","ping_status":"closed","template":"","meta":{"footnotes":""},"yoast_head":"<!-- This site is optimized with the Yoast SEO plugin v20.0 - https:\/\/yoast.com\/wordpress\/plugins\/seo\/ -->\n<title>Maschinenpark - kama Maschinenbau GmbH<\/title>\n<meta name=\"robots\" content=\"index, follow, max-snippet:-1, max-image-preview:large, max-video-preview:-1\" \/>\n<link rel=\"canonical\" href=\"https:\/\/www.kama-maschinenbau.de\/web\/unsere-leistungen\/maschinenpark\/\" \/>\n<meta property=\"og:locale\" content=\"de_DE\" \/>\n<meta property=\"og:type\" content=\"article\" \/>\n<meta property=\"og:title\" content=\"Maschinenpark - kama Maschinenbau GmbH\" \/>\n<meta property=\"og:description\" content=\"Fertigung In der Fertigung beherrschen die Mitarbeiter alle g\u00e4ngigen Verarbeitungsmethoden. Nachfolgend erhalten Sie einen \u00dcberblick \u00fcber unsere Fertigungsm\u00f6glichkeiten: Dreh\/Fr\u00e4s-Bearbeitungszentrum: Verfahrweg: x = 2500mm, y = 1200mm, z = 1000mm Rundtisch C-Achse \u00d8 = 1000mm, H\u00f6he = 800mm, Drehfunktion = 400 U\/min A-Achse \u00d8 = 400mm, L\u00e4nge = 1800mm, Drehfunktion = 300 U\/min B-Achse = +\/- [&hellip;]\" \/>\n<meta property=\"og:url\" content=\"https:\/\/www.kama-maschinenbau.de\/web\/unsere-leistungen\/maschinenpark\/\" \/>\n<meta property=\"og:site_name\" content=\"kama Maschinenbau GmbH\" \/>\n<meta property=\"article:modified_time\" content=\"2026-02-19T14:30:05+00:00\" \/>\n<meta name=\"twitter:card\" content=\"summary_large_image\" \/>\n<meta name=\"twitter:label1\" content=\"Gesch\u00e4tzte Lesezeit\" \/>\n\t<meta name=\"twitter:data1\" content=\"1 Minute\" \/>\n<script type=\"application\/ld+json\" class=\"yoast-schema-graph\">{\"@context\":\"https:\/\/schema.org\",\"@graph\":[{\"@type\":\"WebPage\",\"@id\":\"https:\/\/www.kama-maschinenbau.de\/web\/unsere-leistungen\/maschinenpark\/\",\"url\":\"https:\/\/www.kama-maschinenbau.de\/web\/unsere-leistungen\/maschinenpark\/\",\"name\":\"Maschinenpark - kama Maschinenbau GmbH\",\"isPartOf\":{\"@id\":\"https:\/\/www.kama-maschinenbau.de\/web\/#website\"},\"datePublished\":\"2017-10-03T11:25:23+00:00\",\"dateModified\":\"2026-02-19T14:30:05+00:00\",\"breadcrumb\":{\"@id\":\"https:\/\/www.kama-maschinenbau.de\/web\/unsere-leistungen\/maschinenpark\/#breadcrumb\"},\"inLanguage\":\"de-DE\",\"potentialAction\":[{\"@type\":\"ReadAction\",\"target\":[\"https:\/\/www.kama-maschinenbau.de\/web\/unsere-leistungen\/maschinenpark\/\"]}]},{\"@type\":\"BreadcrumbList\",\"@id\":\"https:\/\/www.kama-maschinenbau.de\/web\/unsere-leistungen\/maschinenpark\/#breadcrumb\",\"itemListElement\":[{\"@type\":\"ListItem\",\"position\":1,\"name\":\"Home\",\"item\":\"https:\/\/www.kama-maschinenbau.de\/web\/\"},{\"@type\":\"ListItem\",\"position\":2,\"name\":\"Unsere Leistungen\",\"item\":\"https:\/\/www.kama-maschinenbau.de\/web\/unsere-leistungen\/\"},{\"@type\":\"ListItem\",\"position\":3,\"name\":\"Maschinenpark\"}]},{\"@type\":\"WebSite\",\"@id\":\"https:\/\/www.kama-maschinenbau.de\/web\/#website\",\"url\":\"https:\/\/www.kama-maschinenbau.de\/web\/\",\"name\":\"kama Maschinenbau GmbH\",\"description\":\"Willkommen. Planung und Fertigung von Bauteilen, Baugruppen bis hin zu kompletten Anlagen. Zertifizierter Fachbetrieb mit Tradition. Sondermaschinenbau, u.v.m.\",\"potentialAction\":[{\"@type\":\"SearchAction\",\"target\":{\"@type\":\"EntryPoint\",\"urlTemplate\":\"https:\/\/www.kama-maschinenbau.de\/web\/?s={search_term_string}\"},\"query-input\":\"required name=search_term_string\"}],\"inLanguage\":\"de-DE\"}]}<\/script>\n<!-- \/ Yoast SEO plugin. -->","yoast_head_json":{"title":"Maschinenpark - kama Maschinenbau GmbH","robots":{"index":"index","follow":"follow","max-snippet":"max-snippet:-1","max-image-preview":"max-image-preview:large","max-video-preview":"max-video-preview:-1"},"canonical":"https:\/\/www.kama-maschinenbau.de\/web\/unsere-leistungen\/maschinenpark\/","og_locale":"de_DE","og_type":"article","og_title":"Maschinenpark - kama Maschinenbau GmbH","og_description":"Fertigung In der Fertigung beherrschen die Mitarbeiter alle g\u00e4ngigen Verarbeitungsmethoden. Nachfolgend erhalten Sie einen \u00dcberblick \u00fcber unsere Fertigungsm\u00f6glichkeiten: Dreh\/Fr\u00e4s-Bearbeitungszentrum: Verfahrweg: x = 2500mm, y = 1200mm, z = 1000mm Rundtisch C-Achse \u00d8 = 1000mm, H\u00f6he = 800mm, Drehfunktion = 400 U\/min A-Achse \u00d8 = 400mm, L\u00e4nge = 1800mm, Drehfunktion = 300 U\/min B-Achse = +\/- [&hellip;]","og_url":"https:\/\/www.kama-maschinenbau.de\/web\/unsere-leistungen\/maschinenpark\/","og_site_name":"kama Maschinenbau GmbH","article_modified_time":"2026-02-19T14:30:05+00:00","twitter_card":"summary_large_image","twitter_misc":{"Gesch\u00e4tzte Lesezeit":"1 Minute"},"schema":{"@context":"https:\/\/schema.org","@graph":[{"@type":"WebPage","@id":"https:\/\/www.kama-maschinenbau.de\/web\/unsere-leistungen\/maschinenpark\/","url":"https:\/\/www.kama-maschinenbau.de\/web\/unsere-leistungen\/maschinenpark\/","name":"Maschinenpark - kama Maschinenbau GmbH","isPartOf":{"@id":"https:\/\/www.kama-maschinenbau.de\/web\/#website"},"datePublished":"2017-10-03T11:25:23+00:00","dateModified":"2026-02-19T14:30:05+00:00","breadcrumb":{"@id":"https:\/\/www.kama-maschinenbau.de\/web\/unsere-leistungen\/maschinenpark\/#breadcrumb"},"inLanguage":"de-DE","potentialAction":[{"@type":"ReadAction","target":["https:\/\/www.kama-maschinenbau.de\/web\/unsere-leistungen\/maschinenpark\/"]}]},{"@type":"BreadcrumbList","@id":"https:\/\/www.kama-maschinenbau.de\/web\/unsere-leistungen\/maschinenpark\/#breadcrumb","itemListElement":[{"@type":"ListItem","position":1,"name":"Home","item":"https:\/\/www.kama-maschinenbau.de\/web\/"},{"@type":"ListItem","position":2,"name":"Unsere Leistungen","item":"https:\/\/www.kama-maschinenbau.de\/web\/unsere-leistungen\/"},{"@type":"ListItem","position":3,"name":"Maschinenpark"}]},{"@type":"WebSite","@id":"https:\/\/www.kama-maschinenbau.de\/web\/#website","url":"https:\/\/www.kama-maschinenbau.de\/web\/","name":"kama Maschinenbau GmbH","description":"Willkommen. Planung und Fertigung von Bauteilen, Baugruppen bis hin zu kompletten Anlagen. Zertifizierter Fachbetrieb mit Tradition. Sondermaschinenbau, u.v.m.","potentialAction":[{"@type":"SearchAction","target":{"@type":"EntryPoint","urlTemplate":"https:\/\/www.kama-maschinenbau.de\/web\/?s={search_term_string}"},"query-input":"required name=search_term_string"}],"inLanguage":"de-DE"}]}},"_links":{"self":[{"href":"https:\/\/www.kama-maschinenbau.de\/web\/wp-json\/wp\/v2\/pages\/33"}],"collection":[{"href":"https:\/\/www.kama-maschinenbau.de\/web\/wp-json\/wp\/v2\/pages"}],"about":[{"href":"https:\/\/www.kama-maschinenbau.de\/web\/wp-json\/wp\/v2\/types\/page"}],"author":[{"embeddable":true,"href":"https:\/\/www.kama-maschinenbau.de\/web\/wp-json\/wp\/v2\/users\/1"}],"replies":[{"embeddable":true,"href":"https:\/\/www.kama-maschinenbau.de\/web\/wp-json\/wp\/v2\/comments?post=33"}],"version-history":[{"count":10,"href":"https:\/\/www.kama-maschinenbau.de\/web\/wp-json\/wp\/v2\/pages\/33\/revisions"}],"predecessor-version":[{"id":46765,"href":"https:\/\/www.kama-maschinenbau.de\/web\/wp-json\/wp\/v2\/pages\/33\/revisions\/46765"}],"up":[{"embeddable":true,"href":"https:\/\/www.kama-maschinenbau.de\/web\/wp-json\/wp\/v2\/pages\/7"}],"wp:attachment":[{"href":"https:\/\/www.kama-maschinenbau.de\/web\/wp-json\/wp\/v2\/media?parent=33"}],"curies":[{"name":"wp","href":"https:\/\/api.w.org\/{rel}","templated":true}]}}