{"id":31,"date":"2017-10-03T13:24:52","date_gmt":"2017-10-03T11:24:52","guid":{"rendered":"http:\/\/test.kama-maschinenbau.de\/?page_id=31"},"modified":"2026-02-19T15:41:14","modified_gmt":"2026-02-19T14:41:14","slug":"engineering","status":"publish","type":"page","link":"https:\/\/www.kama-maschinenbau.de\/web\/unsere-leistungen\/engineering\/","title":{"rendered":"Engineering"},"content":{"rendered":"<h1>Unser Engineering<\/h1>\n<p>Im Engineering werden z.B. aufwendige 3D-Konstruktionen mit Autodesk Inventor geplant oder SPS-Programmierungen mit Siemens S7 umgesetzt. Auch in der Elektroplanung und Konstruktion mit E-Plan verf\u00fcgt das Unternehmen \u00fcber breites Wissen. Dazu k\u00f6nnen Roboter programmiert werden (z.B. von Kuka, ABB, Fanuc).<\/p>\n\n\n<div class=\"wp-block-media-text is-stacked-on-mobile\" style=\"grid-template-columns:34% auto\"><figure class=\"wp-block-media-text__media\"><img decoding=\"async\" loading=\"lazy\" width=\"1024\" height=\"683\" src=\"https:\/\/www.kama-maschinenbau.de\/web\/wp-content\/uploads\/2026\/02\/20240124_kama-1_1211-1024x683.jpg\" alt=\"\" class=\"wp-image-46769 size-full\" srcset=\"https:\/\/www.kama-maschinenbau.de\/web\/wp-content\/uploads\/2026\/02\/20240124_kama-1_1211-1024x683.jpg 1024w, https:\/\/www.kama-maschinenbau.de\/web\/wp-content\/uploads\/2026\/02\/20240124_kama-1_1211-300x200.jpg 300w, https:\/\/www.kama-maschinenbau.de\/web\/wp-content\/uploads\/2026\/02\/20240124_kama-1_1211-768x512.jpg 768w, https:\/\/www.kama-maschinenbau.de\/web\/wp-content\/uploads\/2026\/02\/20240124_kama-1_1211-1536x1024.jpg 1536w, https:\/\/www.kama-maschinenbau.de\/web\/wp-content\/uploads\/2026\/02\/20240124_kama-1_1211-2048x1365.jpg 2048w\" sizes=\"(max-width: 1024px) 100vw, 1024px\" \/><\/figure><div class=\"wp-block-media-text__content\">\n<p><strong>3D-Konstruktion <\/strong><\/p>\n\n\n\n<p>(Autodesk-Inventor)<\/p>\n<\/div><\/div>\n\n\n\n<hr class=\"wp-block-separator has-alpha-channel-opacity\"\/>\n\n\n\n<div class=\"wp-block-media-text is-stacked-on-mobile\" style=\"grid-template-columns:34% auto\"><figure class=\"wp-block-media-text__media\"><img decoding=\"async\" loading=\"lazy\" width=\"1024\" height=\"683\" src=\"https:\/\/www.kama-maschinenbau.de\/web\/wp-content\/uploads\/2026\/02\/20240124_kama-1_1323-1-1024x683.jpg\" alt=\"\" class=\"wp-image-46772 size-full\" srcset=\"https:\/\/www.kama-maschinenbau.de\/web\/wp-content\/uploads\/2026\/02\/20240124_kama-1_1323-1-1024x683.jpg 1024w, https:\/\/www.kama-maschinenbau.de\/web\/wp-content\/uploads\/2026\/02\/20240124_kama-1_1323-1-300x200.jpg 300w, https:\/\/www.kama-maschinenbau.de\/web\/wp-content\/uploads\/2026\/02\/20240124_kama-1_1323-1-768x512.jpg 768w, https:\/\/www.kama-maschinenbau.de\/web\/wp-content\/uploads\/2026\/02\/20240124_kama-1_1323-1-1536x1024.jpg 1536w, https:\/\/www.kama-maschinenbau.de\/web\/wp-content\/uploads\/2026\/02\/20240124_kama-1_1323-1-2048x1365.jpg 2048w\" sizes=\"(max-width: 1024px) 100vw, 1024px\" \/><\/figure><div class=\"wp-block-media-text__content\">\n<p><strong>Elektroplanung &amp; Schaltplanerstellung<\/strong><\/p>\n\n\n\n<p>(E-Plan)<\/p>\n<\/div><\/div>\n\n\n\n<hr class=\"wp-block-separator has-alpha-channel-opacity\"\/>\n\n\n\n<div class=\"wp-block-media-text is-stacked-on-mobile\" style=\"grid-template-columns:34% auto\"><figure class=\"wp-block-media-text__media\"><img decoding=\"async\" loading=\"lazy\" width=\"1024\" height=\"792\" src=\"https:\/\/www.kama-maschinenbau.de\/web\/wp-content\/uploads\/2026\/02\/WiUmbug2-1024x792.jpg\" alt=\"\" class=\"wp-image-46771 size-full\" srcset=\"https:\/\/www.kama-maschinenbau.de\/web\/wp-content\/uploads\/2026\/02\/WiUmbug2-1024x792.jpg 1024w, https:\/\/www.kama-maschinenbau.de\/web\/wp-content\/uploads\/2026\/02\/WiUmbug2-300x232.jpg 300w, https:\/\/www.kama-maschinenbau.de\/web\/wp-content\/uploads\/2026\/02\/WiUmbug2-768x594.jpg 768w, https:\/\/www.kama-maschinenbau.de\/web\/wp-content\/uploads\/2026\/02\/WiUmbug2.jpg 1260w\" sizes=\"(max-width: 1024px) 100vw, 1024px\" \/><\/figure><div class=\"wp-block-media-text__content\">\n<p><strong>SPS Programmierung &amp; <\/strong><\/p>\n\n\n\n<p><strong>Roboterprogrammierung &amp; <\/strong><\/p>\n\n\n\n<p><strong>Kameratechnik &amp; <\/strong><\/p>\n\n\n\n<p><strong>Labeling<\/strong><\/p>\n<\/div><\/div>\n","protected":false},"excerpt":{"rendered":"<p>Unser Engineering Im Engineering werden z.B. aufwendige 3D-Konstruktionen mit Autodesk Inventor geplant oder SPS-Programmierungen mit Siemens S7 umgesetzt. Auch in der Elektroplanung und Konstruktion mit E-Plan verf\u00fcgt das Unternehmen \u00fcber breites Wissen. Dazu k\u00f6nnen Roboter programmiert werden (z.B. von Kuka, ABB, Fanuc). 3D-Konstruktion (Autodesk-Inventor) Elektroplanung &amp; Schaltplanerstellung (E-Plan) SPS Programmierung &amp; Roboterprogrammierung &amp; Kameratechnik &amp; [&hellip;]<\/p>\n","protected":false},"author":1,"featured_media":0,"parent":7,"menu_order":0,"comment_status":"closed","ping_status":"closed","template":"","meta":{"footnotes":""},"yoast_head":"<!-- This site is optimized with the Yoast SEO plugin v20.0 - https:\/\/yoast.com\/wordpress\/plugins\/seo\/ -->\n<title>Engineering - kama Maschinenbau GmbH<\/title>\n<meta name=\"robots\" content=\"index, follow, max-snippet:-1, max-image-preview:large, max-video-preview:-1\" \/>\n<link rel=\"canonical\" href=\"https:\/\/www.kama-maschinenbau.de\/web\/unsere-leistungen\/engineering\/\" \/>\n<meta property=\"og:locale\" content=\"de_DE\" \/>\n<meta property=\"og:type\" content=\"article\" \/>\n<meta property=\"og:title\" content=\"Engineering - kama Maschinenbau GmbH\" \/>\n<meta property=\"og:description\" content=\"Unser Engineering Im Engineering werden z.B. aufwendige 3D-Konstruktionen mit Autodesk Inventor geplant oder SPS-Programmierungen mit Siemens S7 umgesetzt. Auch in der Elektroplanung und Konstruktion mit E-Plan verf\u00fcgt das Unternehmen \u00fcber breites Wissen. Dazu k\u00f6nnen Roboter programmiert werden (z.B. von Kuka, ABB, Fanuc). 3D-Konstruktion (Autodesk-Inventor) Elektroplanung &amp; Schaltplanerstellung (E-Plan) SPS Programmierung &amp; Roboterprogrammierung &amp; Kameratechnik &amp; [&hellip;]\" \/>\n<meta property=\"og:url\" content=\"https:\/\/www.kama-maschinenbau.de\/web\/unsere-leistungen\/engineering\/\" \/>\n<meta property=\"og:site_name\" content=\"kama Maschinenbau GmbH\" \/>\n<meta property=\"article:modified_time\" content=\"2026-02-19T14:41:14+00:00\" \/>\n<meta property=\"og:image\" content=\"https:\/\/www.kama-maschinenbau.de\/web\/wp-content\/uploads\/2026\/02\/20240124_kama-1_1211-1024x683.jpg\" \/>\n<meta name=\"twitter:card\" content=\"summary_large_image\" \/>\n<script type=\"application\/ld+json\" class=\"yoast-schema-graph\">{\"@context\":\"https:\/\/schema.org\",\"@graph\":[{\"@type\":\"WebPage\",\"@id\":\"https:\/\/www.kama-maschinenbau.de\/web\/unsere-leistungen\/engineering\/\",\"url\":\"https:\/\/www.kama-maschinenbau.de\/web\/unsere-leistungen\/engineering\/\",\"name\":\"Engineering - kama Maschinenbau GmbH\",\"isPartOf\":{\"@id\":\"https:\/\/www.kama-maschinenbau.de\/web\/#website\"},\"datePublished\":\"2017-10-03T11:24:52+00:00\",\"dateModified\":\"2026-02-19T14:41:14+00:00\",\"breadcrumb\":{\"@id\":\"https:\/\/www.kama-maschinenbau.de\/web\/unsere-leistungen\/engineering\/#breadcrumb\"},\"inLanguage\":\"de-DE\",\"potentialAction\":[{\"@type\":\"ReadAction\",\"target\":[\"https:\/\/www.kama-maschinenbau.de\/web\/unsere-leistungen\/engineering\/\"]}]},{\"@type\":\"BreadcrumbList\",\"@id\":\"https:\/\/www.kama-maschinenbau.de\/web\/unsere-leistungen\/engineering\/#breadcrumb\",\"itemListElement\":[{\"@type\":\"ListItem\",\"position\":1,\"name\":\"Home\",\"item\":\"https:\/\/www.kama-maschinenbau.de\/web\/\"},{\"@type\":\"ListItem\",\"position\":2,\"name\":\"Unsere Leistungen\",\"item\":\"https:\/\/www.kama-maschinenbau.de\/web\/unsere-leistungen\/\"},{\"@type\":\"ListItem\",\"position\":3,\"name\":\"Engineering\"}]},{\"@type\":\"WebSite\",\"@id\":\"https:\/\/www.kama-maschinenbau.de\/web\/#website\",\"url\":\"https:\/\/www.kama-maschinenbau.de\/web\/\",\"name\":\"kama Maschinenbau GmbH\",\"description\":\"Willkommen. Planung und Fertigung von Bauteilen, Baugruppen bis hin zu kompletten Anlagen. Zertifizierter Fachbetrieb mit Tradition. Sondermaschinenbau, u.v.m.\",\"potentialAction\":[{\"@type\":\"SearchAction\",\"target\":{\"@type\":\"EntryPoint\",\"urlTemplate\":\"https:\/\/www.kama-maschinenbau.de\/web\/?s={search_term_string}\"},\"query-input\":\"required name=search_term_string\"}],\"inLanguage\":\"de-DE\"}]}<\/script>\n<!-- \/ Yoast SEO plugin. -->","yoast_head_json":{"title":"Engineering - kama Maschinenbau GmbH","robots":{"index":"index","follow":"follow","max-snippet":"max-snippet:-1","max-image-preview":"max-image-preview:large","max-video-preview":"max-video-preview:-1"},"canonical":"https:\/\/www.kama-maschinenbau.de\/web\/unsere-leistungen\/engineering\/","og_locale":"de_DE","og_type":"article","og_title":"Engineering - kama Maschinenbau GmbH","og_description":"Unser Engineering Im Engineering werden z.B. aufwendige 3D-Konstruktionen mit Autodesk Inventor geplant oder SPS-Programmierungen mit Siemens S7 umgesetzt. Auch in der Elektroplanung und Konstruktion mit E-Plan verf\u00fcgt das Unternehmen \u00fcber breites Wissen. Dazu k\u00f6nnen Roboter programmiert werden (z.B. von Kuka, ABB, Fanuc). 3D-Konstruktion (Autodesk-Inventor) Elektroplanung &amp; Schaltplanerstellung (E-Plan) SPS Programmierung &amp; Roboterprogrammierung &amp; Kameratechnik &amp; [&hellip;]","og_url":"https:\/\/www.kama-maschinenbau.de\/web\/unsere-leistungen\/engineering\/","og_site_name":"kama Maschinenbau GmbH","article_modified_time":"2026-02-19T14:41:14+00:00","og_image":[{"url":"https:\/\/www.kama-maschinenbau.de\/web\/wp-content\/uploads\/2026\/02\/20240124_kama-1_1211-1024x683.jpg"}],"twitter_card":"summary_large_image","schema":{"@context":"https:\/\/schema.org","@graph":[{"@type":"WebPage","@id":"https:\/\/www.kama-maschinenbau.de\/web\/unsere-leistungen\/engineering\/","url":"https:\/\/www.kama-maschinenbau.de\/web\/unsere-leistungen\/engineering\/","name":"Engineering - kama Maschinenbau GmbH","isPartOf":{"@id":"https:\/\/www.kama-maschinenbau.de\/web\/#website"},"datePublished":"2017-10-03T11:24:52+00:00","dateModified":"2026-02-19T14:41:14+00:00","breadcrumb":{"@id":"https:\/\/www.kama-maschinenbau.de\/web\/unsere-leistungen\/engineering\/#breadcrumb"},"inLanguage":"de-DE","potentialAction":[{"@type":"ReadAction","target":["https:\/\/www.kama-maschinenbau.de\/web\/unsere-leistungen\/engineering\/"]}]},{"@type":"BreadcrumbList","@id":"https:\/\/www.kama-maschinenbau.de\/web\/unsere-leistungen\/engineering\/#breadcrumb","itemListElement":[{"@type":"ListItem","position":1,"name":"Home","item":"https:\/\/www.kama-maschinenbau.de\/web\/"},{"@type":"ListItem","position":2,"name":"Unsere Leistungen","item":"https:\/\/www.kama-maschinenbau.de\/web\/unsere-leistungen\/"},{"@type":"ListItem","position":3,"name":"Engineering"}]},{"@type":"WebSite","@id":"https:\/\/www.kama-maschinenbau.de\/web\/#website","url":"https:\/\/www.kama-maschinenbau.de\/web\/","name":"kama Maschinenbau GmbH","description":"Willkommen. Planung und Fertigung von Bauteilen, Baugruppen bis hin zu kompletten Anlagen. Zertifizierter Fachbetrieb mit Tradition. Sondermaschinenbau, u.v.m.","potentialAction":[{"@type":"SearchAction","target":{"@type":"EntryPoint","urlTemplate":"https:\/\/www.kama-maschinenbau.de\/web\/?s={search_term_string}"},"query-input":"required name=search_term_string"}],"inLanguage":"de-DE"}]}},"_links":{"self":[{"href":"https:\/\/www.kama-maschinenbau.de\/web\/wp-json\/wp\/v2\/pages\/31"}],"collection":[{"href":"https:\/\/www.kama-maschinenbau.de\/web\/wp-json\/wp\/v2\/pages"}],"about":[{"href":"https:\/\/www.kama-maschinenbau.de\/web\/wp-json\/wp\/v2\/types\/page"}],"author":[{"embeddable":true,"href":"https:\/\/www.kama-maschinenbau.de\/web\/wp-json\/wp\/v2\/users\/1"}],"replies":[{"embeddable":true,"href":"https:\/\/www.kama-maschinenbau.de\/web\/wp-json\/wp\/v2\/comments?post=31"}],"version-history":[{"count":7,"href":"https:\/\/www.kama-maschinenbau.de\/web\/wp-json\/wp\/v2\/pages\/31\/revisions"}],"predecessor-version":[{"id":46775,"href":"https:\/\/www.kama-maschinenbau.de\/web\/wp-json\/wp\/v2\/pages\/31\/revisions\/46775"}],"up":[{"embeddable":true,"href":"https:\/\/www.kama-maschinenbau.de\/web\/wp-json\/wp\/v2\/pages\/7"}],"wp:attachment":[{"href":"https:\/\/www.kama-maschinenbau.de\/web\/wp-json\/wp\/v2\/media?parent=31"}],"curies":[{"name":"wp","href":"https:\/\/api.w.org\/{rel}","templated":true}]}}