{"id":256,"date":"2017-12-31T13:07:18","date_gmt":"2017-12-31T12:07:18","guid":{"rendered":"https:\/\/www.kama-maschinenbau.de\/web\/?page_id=256"},"modified":"2026-02-19T15:51:20","modified_gmt":"2026-02-19T14:51:20","slug":"technologien-kompetenzen","status":"publish","type":"page","link":"https:\/\/www.kama-maschinenbau.de\/web\/unsere-leistungen\/technologien-kompetenzen\/","title":{"rendered":"Technologien &#038; Kompetenzen"},"content":{"rendered":"\r\n<h2 class=\"wp-block-heading\"><strong>Zusammenfassend bietet kama ein ausf\u00fchrliches Repertoire von:<\/strong><\/h2>\r\n\r\n\r\n\r\n<ul>\r\n<li>Hei\u00dfnietmaschinen \/ E-Nietmaschinen<\/li>\r\n\r\n\r\n\r\n<li>Handarbeitspl\u00e4tze<\/li>\r\n\r\n\r\n\r\n<li>EOL-Pr\u00fcfst\u00e4nde<\/li>\r\n\r\n\r\n\r\n<li>Kaschieranlagen<\/li>\r\n\r\n\r\n\r\n<li>Ultraschallanlagen\r\n<ul>\r\n<li>Ultraschallschwei\u00dfmaschinen<\/li>\r\n\r\n\r\n\r\n<li>Ultraschallschneidmaschinen<\/li>\r\n\r\n\r\n\r\n<li>Ultraschallmetallschwei\u00dfanlagen<\/li>\r\n\r\n\r\n\r\n<li>Kontinuierliche Ultraschallschwei\u00dfmaschinen<\/li>\r\n<\/ul>\r\n<\/li>\r\n\r\n\r\n\r\n<li>Fertigungslinien \/-anlagen mit\r\n<ul>\r\n<li>Schiebetisch<\/li>\r\n\r\n\r\n\r\n<li>Rundschalttisch<\/li>\r\n\r\n\r\n\r\n<li>Roboter<\/li>\r\n<\/ul>\r\n<\/li>\r\n\r\n\r\n\r\n<li>Lohnfertigung von Baugruppen und komplexen Einzelteilen<\/li>\r\n\r\n\r\n\r\n<li>Schaltschrankbau<\/li>\r\n\r\n\r\n\r\n<li>SPS Programmierung<\/li>\r\n<\/ul>\r\n\r\n\r\n\r\n<p>Mit den Sondermaschinen aus Sch\u00f6nwald werden unter anderem Autokomponenten wie, Innenraumauskleidungen,\u00a0 L\u00fcftungsd\u00fcsen,\u00a0 Dachzierleisten, Luftkan\u00e4le\u00a0 oder Kunststoffteile von Schiebed\u00e4chern gefertigt. Die Endbearbeitung von Blasteilen, wie Wassertanks, oder Luftf\u00fchrungen ist ebenfalls ein Sektor auf dem kama t\u00e4tig ist. In vielen Autos ist heutzutage ein Kunststoffteil eingebaut, das auf einer kama-Maschine bearbeitet wurde.<\/p>\r\n\r\n\r\n\r\n<p>Es werden Sondermaschinen gebaut, mit denen z.B. Kontaktfolien f\u00fcr Taschenrechner und Fernbedienungen hergestellt werden. Es werden\u00a0 Isolatoren aus Kunststoff bearbeitet und Ladeger\u00e4te von elektrischen Zahnb\u00fcrsten verschwei\u00dft. Auch eine vollautomatische Fertigungslinie f\u00fcr Staubsaugerbeutel\u00a0 oder Maschinen zur Herstellung von Tuben geh\u00f6rt zum Repertoire der Firma.<\/p>\r\n\r\n\r\n\r\n<p>Fast alle diese Sondermaschinen haben eines gemeinsam, und dies ist auch die ausgesprochene Spezialit\u00e4t von kama, sie werden explizit nach den Erfordernissen und W\u00fcnschen der Kunden entwickelt und gebaut. Besonders wenn es um das Verschwei\u00dfen von verschiedenen Kunststoffmaterialien oder auch um Folien, Vliesstoffen etc. geht, ist kama Maschinenbau ein gefragter und kompetenter Partner.<\/p>\r\n\r\n\r\n\r\n<div class=\"wp-block-columns is-layout-flex wp-container-4 wp-block-columns-is-layout-flex\">\r\n<div class=\"wp-block-column is-layout-flow wp-block-column-is-layout-flow\">\r\n<figure class=\"wp-block-image size-large is-resized\"><img decoding=\"async\" loading=\"lazy\" width=\"1024\" height=\"544\" class=\"wp-image-46777\" style=\"aspect-ratio: 1.8823529411764706; width: 286px; height: auto;\" src=\"https:\/\/www.kama-maschinenbau.de\/web\/wp-content\/uploads\/2026\/02\/Bild-Arbeitsplatz-1024x544.jpg\" alt=\"\" srcset=\"https:\/\/www.kama-maschinenbau.de\/web\/wp-content\/uploads\/2026\/02\/Bild-Arbeitsplatz-1024x544.jpg 1024w, https:\/\/www.kama-maschinenbau.de\/web\/wp-content\/uploads\/2026\/02\/Bild-Arbeitsplatz-300x159.jpg 300w, https:\/\/www.kama-maschinenbau.de\/web\/wp-content\/uploads\/2026\/02\/Bild-Arbeitsplatz-768x408.jpg 768w, https:\/\/www.kama-maschinenbau.de\/web\/wp-content\/uploads\/2026\/02\/Bild-Arbeitsplatz-1536x816.jpg 1536w, https:\/\/www.kama-maschinenbau.de\/web\/wp-content\/uploads\/2026\/02\/Bild-Arbeitsplatz.jpg 1612w\" sizes=\"(max-width: 1024px) 100vw, 1024px\" \/><\/figure>\r\n<\/div>\r\n\r\n\r\n\r\n<div class=\"wp-block-column is-layout-flow wp-block-column-is-layout-flow\"><\/div>\r\n\r\n\r\n\r\n<div class=\"wp-block-column is-layout-flow wp-block-column-is-layout-flow\"><div class=\"wp-block-image\">\r\n<figure class=\"aligncenter size-large is-resized\"><img decoding=\"async\" loading=\"lazy\" width=\"1024\" height=\"768\" class=\"wp-image-46780\" style=\"aspect-ratio: 1.3333333333333333; width: 205px; height: auto;\" src=\"https:\/\/www.kama-maschinenbau.de\/web\/wp-content\/uploads\/2026\/02\/02-2-1-1024x768.jpg\" alt=\"\" srcset=\"https:\/\/www.kama-maschinenbau.de\/web\/wp-content\/uploads\/2026\/02\/02-2-1-1024x768.jpg 1024w, https:\/\/www.kama-maschinenbau.de\/web\/wp-content\/uploads\/2026\/02\/02-2-1-300x225.jpg 300w, https:\/\/www.kama-maschinenbau.de\/web\/wp-content\/uploads\/2026\/02\/02-2-1-768x576.jpg 768w, https:\/\/www.kama-maschinenbau.de\/web\/wp-content\/uploads\/2026\/02\/02-2-1-1536x1152.jpg 1536w, https:\/\/www.kama-maschinenbau.de\/web\/wp-content\/uploads\/2026\/02\/02-2-1-2048x1536.jpg 2048w\" sizes=\"(max-width: 1024px) 100vw, 1024px\" \/><\/figure><\/div><\/div>\r\n<\/div>\r\n\r\n\r\n\r\n<div class=\"wp-block-columns is-layout-flex wp-container-6 wp-block-columns-is-layout-flex\">\r\n<div class=\"wp-block-column is-layout-flow wp-block-column-is-layout-flow\">\u00a0<\/div>\r\n<\/div>\r\n","protected":false},"excerpt":{"rendered":"<p>Zusammenfassend bietet kama ein ausf\u00fchrliches Repertoire von: Mit den Sondermaschinen aus Sch\u00f6nwald werden unter anderem Autokomponenten wie, Innenraumauskleidungen,\u00a0 L\u00fcftungsd\u00fcsen,\u00a0 Dachzierleisten, Luftkan\u00e4le\u00a0 oder Kunststoffteile von Schiebed\u00e4chern gefertigt. Die Endbearbeitung von Blasteilen, wie Wassertanks, oder Luftf\u00fchrungen ist ebenfalls ein Sektor auf dem kama t\u00e4tig ist. In vielen Autos ist heutzutage ein Kunststoffteil eingebaut, das auf einer kama-Maschine [&hellip;]<\/p>\n","protected":false},"author":2,"featured_media":0,"parent":7,"menu_order":1,"comment_status":"closed","ping_status":"closed","template":"","meta":{"footnotes":""},"yoast_head":"<!-- This site is optimized with the Yoast SEO plugin v20.0 - https:\/\/yoast.com\/wordpress\/plugins\/seo\/ -->\n<title>Technologien &amp; Kompetenzen - kama Maschinenbau GmbH<\/title>\n<meta name=\"robots\" content=\"index, follow, max-snippet:-1, max-image-preview:large, max-video-preview:-1\" \/>\n<link rel=\"canonical\" href=\"https:\/\/www.kama-maschinenbau.de\/web\/unsere-leistungen\/technologien-kompetenzen\/\" \/>\n<meta property=\"og:locale\" content=\"de_DE\" \/>\n<meta property=\"og:type\" content=\"article\" \/>\n<meta property=\"og:title\" content=\"Technologien &amp; Kompetenzen - kama Maschinenbau GmbH\" \/>\n<meta property=\"og:description\" content=\"Zusammenfassend bietet kama ein ausf\u00fchrliches Repertoire von: Mit den Sondermaschinen aus Sch\u00f6nwald werden unter anderem Autokomponenten wie, Innenraumauskleidungen,\u00a0 L\u00fcftungsd\u00fcsen,\u00a0 Dachzierleisten, Luftkan\u00e4le\u00a0 oder Kunststoffteile von Schiebed\u00e4chern gefertigt. Die Endbearbeitung von Blasteilen, wie Wassertanks, oder Luftf\u00fchrungen ist ebenfalls ein Sektor auf dem kama t\u00e4tig ist. In vielen Autos ist heutzutage ein Kunststoffteil eingebaut, das auf einer kama-Maschine [&hellip;]\" \/>\n<meta property=\"og:url\" content=\"https:\/\/www.kama-maschinenbau.de\/web\/unsere-leistungen\/technologien-kompetenzen\/\" \/>\n<meta property=\"og:site_name\" content=\"kama Maschinenbau GmbH\" \/>\n<meta property=\"article:modified_time\" content=\"2026-02-19T14:51:20+00:00\" \/>\n<meta property=\"og:image\" content=\"https:\/\/www.kama-maschinenbau.de\/web\/wp-content\/uploads\/2026\/02\/Bild-Arbeitsplatz-1024x544.jpg\" \/>\n<meta name=\"twitter:card\" content=\"summary_large_image\" \/>\n<meta name=\"twitter:label1\" content=\"Gesch\u00e4tzte Lesezeit\" \/>\n\t<meta name=\"twitter:data1\" content=\"1 Minute\" \/>\n<script type=\"application\/ld+json\" class=\"yoast-schema-graph\">{\"@context\":\"https:\/\/schema.org\",\"@graph\":[{\"@type\":\"WebPage\",\"@id\":\"https:\/\/www.kama-maschinenbau.de\/web\/unsere-leistungen\/technologien-kompetenzen\/\",\"url\":\"https:\/\/www.kama-maschinenbau.de\/web\/unsere-leistungen\/technologien-kompetenzen\/\",\"name\":\"Technologien & Kompetenzen - kama Maschinenbau GmbH\",\"isPartOf\":{\"@id\":\"https:\/\/www.kama-maschinenbau.de\/web\/#website\"},\"datePublished\":\"2017-12-31T12:07:18+00:00\",\"dateModified\":\"2026-02-19T14:51:20+00:00\",\"breadcrumb\":{\"@id\":\"https:\/\/www.kama-maschinenbau.de\/web\/unsere-leistungen\/technologien-kompetenzen\/#breadcrumb\"},\"inLanguage\":\"de-DE\",\"potentialAction\":[{\"@type\":\"ReadAction\",\"target\":[\"https:\/\/www.kama-maschinenbau.de\/web\/unsere-leistungen\/technologien-kompetenzen\/\"]}]},{\"@type\":\"BreadcrumbList\",\"@id\":\"https:\/\/www.kama-maschinenbau.de\/web\/unsere-leistungen\/technologien-kompetenzen\/#breadcrumb\",\"itemListElement\":[{\"@type\":\"ListItem\",\"position\":1,\"name\":\"Home\",\"item\":\"https:\/\/www.kama-maschinenbau.de\/web\/\"},{\"@type\":\"ListItem\",\"position\":2,\"name\":\"Unsere Leistungen\",\"item\":\"https:\/\/www.kama-maschinenbau.de\/web\/unsere-leistungen\/\"},{\"@type\":\"ListItem\",\"position\":3,\"name\":\"Technologien &#038; Kompetenzen\"}]},{\"@type\":\"WebSite\",\"@id\":\"https:\/\/www.kama-maschinenbau.de\/web\/#website\",\"url\":\"https:\/\/www.kama-maschinenbau.de\/web\/\",\"name\":\"kama Maschinenbau GmbH\",\"description\":\"Willkommen. Planung und Fertigung von Bauteilen, Baugruppen bis hin zu kompletten Anlagen. Zertifizierter Fachbetrieb mit Tradition. Sondermaschinenbau, u.v.m.\",\"potentialAction\":[{\"@type\":\"SearchAction\",\"target\":{\"@type\":\"EntryPoint\",\"urlTemplate\":\"https:\/\/www.kama-maschinenbau.de\/web\/?s={search_term_string}\"},\"query-input\":\"required name=search_term_string\"}],\"inLanguage\":\"de-DE\"}]}<\/script>\n<!-- \/ Yoast SEO plugin. -->","yoast_head_json":{"title":"Technologien & Kompetenzen - kama Maschinenbau GmbH","robots":{"index":"index","follow":"follow","max-snippet":"max-snippet:-1","max-image-preview":"max-image-preview:large","max-video-preview":"max-video-preview:-1"},"canonical":"https:\/\/www.kama-maschinenbau.de\/web\/unsere-leistungen\/technologien-kompetenzen\/","og_locale":"de_DE","og_type":"article","og_title":"Technologien & Kompetenzen - kama Maschinenbau GmbH","og_description":"Zusammenfassend bietet kama ein ausf\u00fchrliches Repertoire von: Mit den Sondermaschinen aus Sch\u00f6nwald werden unter anderem Autokomponenten wie, Innenraumauskleidungen,\u00a0 L\u00fcftungsd\u00fcsen,\u00a0 Dachzierleisten, Luftkan\u00e4le\u00a0 oder Kunststoffteile von Schiebed\u00e4chern gefertigt. Die Endbearbeitung von Blasteilen, wie Wassertanks, oder Luftf\u00fchrungen ist ebenfalls ein Sektor auf dem kama t\u00e4tig ist. In vielen Autos ist heutzutage ein Kunststoffteil eingebaut, das auf einer kama-Maschine [&hellip;]","og_url":"https:\/\/www.kama-maschinenbau.de\/web\/unsere-leistungen\/technologien-kompetenzen\/","og_site_name":"kama Maschinenbau GmbH","article_modified_time":"2026-02-19T14:51:20+00:00","og_image":[{"url":"https:\/\/www.kama-maschinenbau.de\/web\/wp-content\/uploads\/2026\/02\/Bild-Arbeitsplatz-1024x544.jpg"}],"twitter_card":"summary_large_image","twitter_misc":{"Gesch\u00e4tzte Lesezeit":"1 Minute"},"schema":{"@context":"https:\/\/schema.org","@graph":[{"@type":"WebPage","@id":"https:\/\/www.kama-maschinenbau.de\/web\/unsere-leistungen\/technologien-kompetenzen\/","url":"https:\/\/www.kama-maschinenbau.de\/web\/unsere-leistungen\/technologien-kompetenzen\/","name":"Technologien & Kompetenzen - kama Maschinenbau GmbH","isPartOf":{"@id":"https:\/\/www.kama-maschinenbau.de\/web\/#website"},"datePublished":"2017-12-31T12:07:18+00:00","dateModified":"2026-02-19T14:51:20+00:00","breadcrumb":{"@id":"https:\/\/www.kama-maschinenbau.de\/web\/unsere-leistungen\/technologien-kompetenzen\/#breadcrumb"},"inLanguage":"de-DE","potentialAction":[{"@type":"ReadAction","target":["https:\/\/www.kama-maschinenbau.de\/web\/unsere-leistungen\/technologien-kompetenzen\/"]}]},{"@type":"BreadcrumbList","@id":"https:\/\/www.kama-maschinenbau.de\/web\/unsere-leistungen\/technologien-kompetenzen\/#breadcrumb","itemListElement":[{"@type":"ListItem","position":1,"name":"Home","item":"https:\/\/www.kama-maschinenbau.de\/web\/"},{"@type":"ListItem","position":2,"name":"Unsere Leistungen","item":"https:\/\/www.kama-maschinenbau.de\/web\/unsere-leistungen\/"},{"@type":"ListItem","position":3,"name":"Technologien &#038; Kompetenzen"}]},{"@type":"WebSite","@id":"https:\/\/www.kama-maschinenbau.de\/web\/#website","url":"https:\/\/www.kama-maschinenbau.de\/web\/","name":"kama Maschinenbau GmbH","description":"Willkommen. Planung und Fertigung von Bauteilen, Baugruppen bis hin zu kompletten Anlagen. Zertifizierter Fachbetrieb mit Tradition. Sondermaschinenbau, u.v.m.","potentialAction":[{"@type":"SearchAction","target":{"@type":"EntryPoint","urlTemplate":"https:\/\/www.kama-maschinenbau.de\/web\/?s={search_term_string}"},"query-input":"required name=search_term_string"}],"inLanguage":"de-DE"}]}},"_links":{"self":[{"href":"https:\/\/www.kama-maschinenbau.de\/web\/wp-json\/wp\/v2\/pages\/256"}],"collection":[{"href":"https:\/\/www.kama-maschinenbau.de\/web\/wp-json\/wp\/v2\/pages"}],"about":[{"href":"https:\/\/www.kama-maschinenbau.de\/web\/wp-json\/wp\/v2\/types\/page"}],"author":[{"embeddable":true,"href":"https:\/\/www.kama-maschinenbau.de\/web\/wp-json\/wp\/v2\/users\/2"}],"replies":[{"embeddable":true,"href":"https:\/\/www.kama-maschinenbau.de\/web\/wp-json\/wp\/v2\/comments?post=256"}],"version-history":[{"count":16,"href":"https:\/\/www.kama-maschinenbau.de\/web\/wp-json\/wp\/v2\/pages\/256\/revisions"}],"predecessor-version":[{"id":46785,"href":"https:\/\/www.kama-maschinenbau.de\/web\/wp-json\/wp\/v2\/pages\/256\/revisions\/46785"}],"up":[{"embeddable":true,"href":"https:\/\/www.kama-maschinenbau.de\/web\/wp-json\/wp\/v2\/pages\/7"}],"wp:attachment":[{"href":"https:\/\/www.kama-maschinenbau.de\/web\/wp-json\/wp\/v2\/media?parent=256"}],"curies":[{"name":"wp","href":"https:\/\/api.w.org\/{rel}","templated":true}]}}