{"id":2,"date":"2017-10-03T12:15:18","date_gmt":"2017-10-03T10:15:18","guid":{"rendered":"http:\/\/test.kama-maschinenbau.de\/?page_id=2"},"modified":"2023-11-15T11:03:35","modified_gmt":"2023-11-15T10:03:35","slug":"unternehmen","status":"publish","type":"page","link":"https:\/\/www.kama-maschinenbau.de\/web\/unternehmen\/","title":{"rendered":"Unternehmen"},"content":{"rendered":"\n<h1 class=\"wp-block-heading\">Unternehmen<\/h1>\n\n\n<div class=\"wp-block-image\">\n<figure class=\"alignright is-resized\"><img decoding=\"async\" loading=\"lazy\" src=\"https:\/\/www.kama-maschinenbau.de\/web\/wp-content\/uploads\/2022\/11\/Gerhard-und-Brigitte-300x219.png\" alt=\"\" class=\"wp-image-16668\" width=\"247\" height=\"180\" srcset=\"https:\/\/www.kama-maschinenbau.de\/web\/wp-content\/uploads\/2022\/11\/Gerhard-und-Brigitte-300x219.png 300w, https:\/\/www.kama-maschinenbau.de\/web\/wp-content\/uploads\/2022\/11\/Gerhard-und-Brigitte-768x560.png 768w, https:\/\/www.kama-maschinenbau.de\/web\/wp-content\/uploads\/2022\/11\/Gerhard-und-Brigitte.png 907w\" sizes=\"(max-width: 247px) 100vw, 247px\" \/><\/figure><\/div>\n\n\n<p>Gegr\u00fcndet wurde die kama Maschinenbau GmbH 1983. Am 1. Dezember hat die Firma die ehemalige Firma Robert Fuhrmann in Rehau, \u00fcbernommen. Gesellschafter der Firma kama waren zu dieser Zeit Herr Gerhard Magdt, der gleichzeitig auch Gesch\u00e4ftsf\u00fchrer ist mit seiner Ehefrau Brigitte.<\/p>\n\n\n\n<p><\/p>\n\n\n\n<p><\/p>\n\n\n\n<p>In dem gemieteten Geb\u00e4ude wurden mit sieben Besch\u00e4ftigten Lohnauftr\u00e4ge f\u00fcr Dreh- und Fr\u00e4steile durchgef\u00fchrt. Als zweites Standbein haben die Inhaber den Maschinenbau aufgebaut und 1985 den Maschinenpark erneuert. Die veralteten, nockengesteuerten Drehmaschinen wurden gegen eine moderne CNC-Drehmaschine ausgetauscht und der Mitarbeiterstamm wurde erweitert. Da in Rehau keine Erweiterungsm\u00f6glichkeiten vorhanden waren, wurde im Jahre 1988 die Verlagerung des Betriebes nach Sch\u00f6nwald beschlossen. Bereits am 31.10.1988 wurde der Hallenneubau mit B\u00fcrogeb\u00e4ude in Sch\u00f6nwald eingeweiht. Inzwischen konnte der Mitarbeiterstamm auf 14 Besch\u00e4ftigte erh\u00f6ht werden.<\/p>\n\n\n\n<div style=\"height:30px\" aria-hidden=\"true\" class=\"wp-block-spacer\"><\/div>\n\n\n\n<p><\/p>\n\n\n<div class=\"wp-block-image\">\n<figure class=\"alignleft is-resized\"><img decoding=\"async\" loading=\"lazy\" src=\"https:\/\/www.kama-maschinenbau.de\/web\/wp-content\/uploads\/2022\/11\/kama-alt-300x121.png\" alt=\"\" class=\"wp-image-16670\" width=\"211\" height=\"85\" srcset=\"https:\/\/www.kama-maschinenbau.de\/web\/wp-content\/uploads\/2022\/11\/kama-alt-300x121.png 300w, https:\/\/www.kama-maschinenbau.de\/web\/wp-content\/uploads\/2022\/11\/kama-alt-1024x413.png 1024w, https:\/\/www.kama-maschinenbau.de\/web\/wp-content\/uploads\/2022\/11\/kama-alt-768x310.png 768w, https:\/\/www.kama-maschinenbau.de\/web\/wp-content\/uploads\/2022\/11\/kama-alt.png 1049w\" sizes=\"(max-width: 211px) 100vw, 211px\" \/><\/figure><\/div>\n\n\n<p><\/p>\n\n\n\n<p>Seit 1990 verf\u00fcgt die Firma \u00fcber eine eigene Konstruktionsabteilung, die zwischenzeitlich erweitert wurde. Zum jetzigen Zeitpunkt verf\u00fcgt diese Abteilung \u00fcber drei CAD-Arbeitspl\u00e4tze. Ebenfalls im Jahr 1990 ist der jetzige Gesch\u00e4ftsf\u00fchrer, Herr Stefan Magdt in die Firma eingetreten. Durch den Hallenanbau 1998 konnte die Produktionsfl\u00e4che um ein Drittel erweitert werden und der Maschinenpark wurde kontinuierlich erneuert und ausgebaut, so dass die Firmenausstattung heute auf einem hohen technischen Niveau ist.<\/p>\n\n\n\n<div style=\"height:15px\" aria-hidden=\"true\" class=\"wp-block-spacer\"><\/div>\n\n\n\n<p><\/p>\n\n\n<div class=\"wp-block-image\">\n<figure class=\"alignright is-resized\"><img decoding=\"async\" loading=\"lazy\" src=\"https:\/\/www.kama-maschinenbau.de\/web\/wp-content\/uploads\/2022\/11\/Sabine-und-Stefan-alt-300x225.jpg\" alt=\"\" class=\"wp-image-16671\" width=\"161\" height=\"121\" srcset=\"https:\/\/www.kama-maschinenbau.de\/web\/wp-content\/uploads\/2022\/11\/Sabine-und-Stefan-alt-300x225.jpg 300w, https:\/\/www.kama-maschinenbau.de\/web\/wp-content\/uploads\/2022\/11\/Sabine-und-Stefan-alt.jpg 640w\" sizes=\"(max-width: 161px) 100vw, 161px\" \/><\/figure><\/div>\n\n\n<p><\/p>\n\n\n\n<p>Im Jahr 2000 ist Frau Sabine Magdt in die Firma eintreten und so wurden die Voraussetzungen f\u00fcr einen gleitenden Generationenwechsel geschaffen. Die Elektrokonstruktion und -planung wurde 2004 ins Leben gerufen. Zum 1. Januar 2005 haben Herr Stefan Magdt und seine Ehefrau Sabine als gesch\u00e4ftsf\u00fchrende Gesellschafter das operative Gesch\u00e4ft der Firma kama Maschinenbau GmbH \u00fcbernommen. Die Einweihung zwei neuer Hallen fand am 26. Juni 2015 statt.<\/p>\n\n\n\n<p><\/p>\n\n\n\n<p><\/p>\n\n\n\n<div style=\"height:15px\" aria-hidden=\"true\" class=\"wp-block-spacer\"><\/div>\n\n\n<div class=\"wp-block-image\">\n<figure class=\"alignleft is-resized\"><img decoding=\"async\" loading=\"lazy\" src=\"https:\/\/www.kama-maschinenbau.de\/web\/wp-content\/uploads\/2022\/11\/Lisa-und-Karl-170x300.jpg\" alt=\"\" class=\"wp-image-16672\" width=\"83\" height=\"145\"\/><\/figure><\/div>\n\n\n<p><\/p>\n\n\n\n<p>Seit 2017 ist mit Karl und Lisa Magdt auch die 3. Generation im Unternehmen angekommen. Im gleichen Jahr konnte die B\u00fcroerweiterung fertiggestellt werden. Im stetigen Wachstum wurden neben 5-Achs-Simultan-Fr\u00e4smaschinen auch Wasserstrahlschneiden und Drahterodieren als Fertigungsverfahren bei kama m\u00f6glich.<\/p>\n\n\n\n<p>Derzeit Besch\u00e4ftigen wir mehr als 40 Mitarbeiter. Hohes Anspruchsdenken, Zuverl\u00e4ssigkeit und Offenheit f\u00fcr neue Impulse pr\u00e4gen seit 1983 das weltweit t\u00e4tige Familienunternehmen.<\/p>\n\n\n\n<div style=\"height:35px\" aria-hidden=\"true\" class=\"wp-block-spacer\"><\/div>\n\n\n\n<hr class=\"wp-block-separator has-css-opacity\"\/>\n\n\n\n<p><\/p>\n\n\n\n<p>In Gedenken an unseren Gr\u00fcnder und Gesch\u00e4ftsf\u00fchrer Herrn Gerhard Magdt (*10.03.1947 &nbsp; +05.12.2019):<\/p>\n\n\n\n<p>*** <em>Es nimmt der Augenblick, was die Jahre geben ~ Goethe<\/em> ***<\/p>\n\n\n<div class=\"wp-block-image\">\n<figure class=\"aligncenter\"><img decoding=\"async\" loading=\"lazy\" width=\"300\" height=\"240\" src=\"https:\/\/www.kama-maschinenbau.de\/web\/wp-content\/uploads\/2017\/10\/Bild1-300x240.png\" alt=\"\" class=\"wp-image-366\" srcset=\"https:\/\/www.kama-maschinenbau.de\/web\/wp-content\/uploads\/2017\/10\/Bild1-300x240.png 300w, https:\/\/www.kama-maschinenbau.de\/web\/wp-content\/uploads\/2017\/10\/Bild1.png 334w\" sizes=\"(max-width: 300px) 100vw, 300px\" \/><\/figure><\/div>","protected":false},"excerpt":{"rendered":"<p>Unternehmen Gegr\u00fcndet wurde die kama Maschinenbau GmbH 1983. Am 1. Dezember hat die Firma die ehemalige Firma Robert Fuhrmann in Rehau, \u00fcbernommen. Gesellschafter der Firma kama waren zu dieser Zeit Herr Gerhard Magdt, der gleichzeitig auch Gesch\u00e4ftsf\u00fchrer ist mit seiner Ehefrau Brigitte. In dem gemieteten Geb\u00e4ude wurden mit sieben Besch\u00e4ftigten Lohnauftr\u00e4ge f\u00fcr Dreh- und Fr\u00e4steile [&hellip;]<\/p>\n","protected":false},"author":1,"featured_media":0,"parent":0,"menu_order":2,"comment_status":"closed","ping_status":"open","template":"","meta":{"footnotes":""},"yoast_head":"<!-- This site is optimized with the Yoast SEO plugin v20.0 - https:\/\/yoast.com\/wordpress\/plugins\/seo\/ -->\n<title>Unternehmen - kama Maschinenbau GmbH<\/title>\n<meta name=\"robots\" content=\"index, follow, max-snippet:-1, max-image-preview:large, max-video-preview:-1\" \/>\n<link rel=\"canonical\" href=\"https:\/\/www.kama-maschinenbau.de\/web\/unternehmen\/\" \/>\n<meta property=\"og:locale\" content=\"de_DE\" \/>\n<meta property=\"og:type\" content=\"article\" \/>\n<meta property=\"og:title\" content=\"Unternehmen - kama Maschinenbau GmbH\" \/>\n<meta property=\"og:description\" content=\"Unternehmen Gegr\u00fcndet wurde die kama Maschinenbau GmbH 1983. Am 1. Dezember hat die Firma die ehemalige Firma Robert Fuhrmann in Rehau, \u00fcbernommen. Gesellschafter der Firma kama waren zu dieser Zeit Herr Gerhard Magdt, der gleichzeitig auch Gesch\u00e4ftsf\u00fchrer ist mit seiner Ehefrau Brigitte. In dem gemieteten Geb\u00e4ude wurden mit sieben Besch\u00e4ftigten Lohnauftr\u00e4ge f\u00fcr Dreh- und Fr\u00e4steile [&hellip;]\" \/>\n<meta property=\"og:url\" content=\"https:\/\/www.kama-maschinenbau.de\/web\/unternehmen\/\" \/>\n<meta property=\"og:site_name\" content=\"kama Maschinenbau GmbH\" \/>\n<meta property=\"article:modified_time\" content=\"2023-11-15T10:03:35+00:00\" \/>\n<meta property=\"og:image\" content=\"https:\/\/www.kama-maschinenbau.de\/web\/wp-content\/uploads\/2022\/11\/Gerhard-und-Brigitte-300x219.png\" \/>\n<meta name=\"twitter:card\" content=\"summary_large_image\" \/>\n<meta name=\"twitter:label1\" content=\"Gesch\u00e4tzte Lesezeit\" \/>\n\t<meta name=\"twitter:data1\" content=\"3 Minuten\" \/>\n<script type=\"application\/ld+json\" class=\"yoast-schema-graph\">{\"@context\":\"https:\/\/schema.org\",\"@graph\":[{\"@type\":\"WebPage\",\"@id\":\"https:\/\/www.kama-maschinenbau.de\/web\/unternehmen\/\",\"url\":\"https:\/\/www.kama-maschinenbau.de\/web\/unternehmen\/\",\"name\":\"Unternehmen - kama Maschinenbau GmbH\",\"isPartOf\":{\"@id\":\"https:\/\/www.kama-maschinenbau.de\/web\/#website\"},\"datePublished\":\"2017-10-03T10:15:18+00:00\",\"dateModified\":\"2023-11-15T10:03:35+00:00\",\"breadcrumb\":{\"@id\":\"https:\/\/www.kama-maschinenbau.de\/web\/unternehmen\/#breadcrumb\"},\"inLanguage\":\"de-DE\",\"potentialAction\":[{\"@type\":\"ReadAction\",\"target\":[\"https:\/\/www.kama-maschinenbau.de\/web\/unternehmen\/\"]}]},{\"@type\":\"BreadcrumbList\",\"@id\":\"https:\/\/www.kama-maschinenbau.de\/web\/unternehmen\/#breadcrumb\",\"itemListElement\":[{\"@type\":\"ListItem\",\"position\":1,\"name\":\"Home\",\"item\":\"https:\/\/www.kama-maschinenbau.de\/web\/\"},{\"@type\":\"ListItem\",\"position\":2,\"name\":\"Unternehmen\"}]},{\"@type\":\"WebSite\",\"@id\":\"https:\/\/www.kama-maschinenbau.de\/web\/#website\",\"url\":\"https:\/\/www.kama-maschinenbau.de\/web\/\",\"name\":\"kama Maschinenbau GmbH\",\"description\":\"Willkommen. Planung und Fertigung von Bauteilen, Baugruppen bis hin zu kompletten Anlagen. Zertifizierter Fachbetrieb mit Tradition. Sondermaschinenbau, u.v.m.\",\"potentialAction\":[{\"@type\":\"SearchAction\",\"target\":{\"@type\":\"EntryPoint\",\"urlTemplate\":\"https:\/\/www.kama-maschinenbau.de\/web\/?s={search_term_string}\"},\"query-input\":\"required name=search_term_string\"}],\"inLanguage\":\"de-DE\"}]}<\/script>\n<!-- \/ Yoast SEO plugin. -->","yoast_head_json":{"title":"Unternehmen - kama Maschinenbau GmbH","robots":{"index":"index","follow":"follow","max-snippet":"max-snippet:-1","max-image-preview":"max-image-preview:large","max-video-preview":"max-video-preview:-1"},"canonical":"https:\/\/www.kama-maschinenbau.de\/web\/unternehmen\/","og_locale":"de_DE","og_type":"article","og_title":"Unternehmen - kama Maschinenbau GmbH","og_description":"Unternehmen Gegr\u00fcndet wurde die kama Maschinenbau GmbH 1983. Am 1. Dezember hat die Firma die ehemalige Firma Robert Fuhrmann in Rehau, \u00fcbernommen. Gesellschafter der Firma kama waren zu dieser Zeit Herr Gerhard Magdt, der gleichzeitig auch Gesch\u00e4ftsf\u00fchrer ist mit seiner Ehefrau Brigitte. In dem gemieteten Geb\u00e4ude wurden mit sieben Besch\u00e4ftigten Lohnauftr\u00e4ge f\u00fcr Dreh- und Fr\u00e4steile [&hellip;]","og_url":"https:\/\/www.kama-maschinenbau.de\/web\/unternehmen\/","og_site_name":"kama Maschinenbau GmbH","article_modified_time":"2023-11-15T10:03:35+00:00","og_image":[{"url":"https:\/\/www.kama-maschinenbau.de\/web\/wp-content\/uploads\/2022\/11\/Gerhard-und-Brigitte-300x219.png"}],"twitter_card":"summary_large_image","twitter_misc":{"Gesch\u00e4tzte Lesezeit":"3 Minuten"},"schema":{"@context":"https:\/\/schema.org","@graph":[{"@type":"WebPage","@id":"https:\/\/www.kama-maschinenbau.de\/web\/unternehmen\/","url":"https:\/\/www.kama-maschinenbau.de\/web\/unternehmen\/","name":"Unternehmen - kama Maschinenbau GmbH","isPartOf":{"@id":"https:\/\/www.kama-maschinenbau.de\/web\/#website"},"datePublished":"2017-10-03T10:15:18+00:00","dateModified":"2023-11-15T10:03:35+00:00","breadcrumb":{"@id":"https:\/\/www.kama-maschinenbau.de\/web\/unternehmen\/#breadcrumb"},"inLanguage":"de-DE","potentialAction":[{"@type":"ReadAction","target":["https:\/\/www.kama-maschinenbau.de\/web\/unternehmen\/"]}]},{"@type":"BreadcrumbList","@id":"https:\/\/www.kama-maschinenbau.de\/web\/unternehmen\/#breadcrumb","itemListElement":[{"@type":"ListItem","position":1,"name":"Home","item":"https:\/\/www.kama-maschinenbau.de\/web\/"},{"@type":"ListItem","position":2,"name":"Unternehmen"}]},{"@type":"WebSite","@id":"https:\/\/www.kama-maschinenbau.de\/web\/#website","url":"https:\/\/www.kama-maschinenbau.de\/web\/","name":"kama Maschinenbau GmbH","description":"Willkommen. Planung und Fertigung von Bauteilen, Baugruppen bis hin zu kompletten Anlagen. Zertifizierter Fachbetrieb mit Tradition. Sondermaschinenbau, u.v.m.","potentialAction":[{"@type":"SearchAction","target":{"@type":"EntryPoint","urlTemplate":"https:\/\/www.kama-maschinenbau.de\/web\/?s={search_term_string}"},"query-input":"required name=search_term_string"}],"inLanguage":"de-DE"}]}},"_links":{"self":[{"href":"https:\/\/www.kama-maschinenbau.de\/web\/wp-json\/wp\/v2\/pages\/2"}],"collection":[{"href":"https:\/\/www.kama-maschinenbau.de\/web\/wp-json\/wp\/v2\/pages"}],"about":[{"href":"https:\/\/www.kama-maschinenbau.de\/web\/wp-json\/wp\/v2\/types\/page"}],"author":[{"embeddable":true,"href":"https:\/\/www.kama-maschinenbau.de\/web\/wp-json\/wp\/v2\/users\/1"}],"replies":[{"embeddable":true,"href":"https:\/\/www.kama-maschinenbau.de\/web\/wp-json\/wp\/v2\/comments?post=2"}],"version-history":[{"count":34,"href":"https:\/\/www.kama-maschinenbau.de\/web\/wp-json\/wp\/v2\/pages\/2\/revisions"}],"predecessor-version":[{"id":33590,"href":"https:\/\/www.kama-maschinenbau.de\/web\/wp-json\/wp\/v2\/pages\/2\/revisions\/33590"}],"wp:attachment":[{"href":"https:\/\/www.kama-maschinenbau.de\/web\/wp-json\/wp\/v2\/media?parent=2"}],"curies":[{"name":"wp","href":"https:\/\/api.w.org\/{rel}","templated":true}]}}