{"id":13,"date":"2017-10-03T12:27:55","date_gmt":"2017-10-03T10:27:55","guid":{"rendered":"http:\/\/test.kama-maschinenbau.de\/?page_id=13"},"modified":"2026-02-19T14:23:15","modified_gmt":"2026-02-19T13:23:15","slug":"startseite","status":"publish","type":"page","link":"https:\/\/www.kama-maschinenbau.de\/web\/","title":{"rendered":"Startseite"},"content":{"rendered":"<h2>Willkommen bei der kama Maschinenbau GmbH<\/h2>\r\n<p>Die kama Maschinenbau GmbH ist Ihr leistungsstarker Partner rund um den Sondermaschinenbau und die Automatisierungstechnik. Zudem sind wir Lieferant f\u00fcr komplexe Baugruppen und&nbsp;als Einzelteilfertiger.<\/p>\r\n\r\n\r\n<div class=\"wp-block-columns is-layout-flex wp-container-4 wp-block-columns-is-layout-flex\">\r\n<div class=\"wp-block-column is-layout-flow wp-block-column-is-layout-flow\">\r\n<figure class=\"wp-block-image size-large\"><img decoding=\"async\" loading=\"lazy\" width=\"1024\" height=\"683\" src=\"https:\/\/www.kama-maschinenbau.de\/web\/wp-content\/uploads\/2024\/02\/20240124_kama-1_1569-1024x683.jpg\" alt=\"\" class=\"wp-image-39267\" srcset=\"https:\/\/www.kama-maschinenbau.de\/web\/wp-content\/uploads\/2024\/02\/20240124_kama-1_1569-1024x683.jpg 1024w, https:\/\/www.kama-maschinenbau.de\/web\/wp-content\/uploads\/2024\/02\/20240124_kama-1_1569-300x200.jpg 300w, https:\/\/www.kama-maschinenbau.de\/web\/wp-content\/uploads\/2024\/02\/20240124_kama-1_1569-768x512.jpg 768w, https:\/\/www.kama-maschinenbau.de\/web\/wp-content\/uploads\/2024\/02\/20240124_kama-1_1569-1536x1024.jpg 1536w, https:\/\/www.kama-maschinenbau.de\/web\/wp-content\/uploads\/2024\/02\/20240124_kama-1_1569-2048x1365.jpg 2048w\" sizes=\"(max-width: 1024px) 100vw, 1024px\" \/><\/figure>\r\n\r\n\r\n\r\n<p class=\"has-text-align-center\"><strong>Hochmotiviertes Team mit Know-how<br><\/strong>Unser Team besteht ausschlie\u00dflich aus Fachkr\u00e4ften und ist bestens geschult f\u00fcr die Planung, Fertigung, Montage und eine abschlie\u00dfende Qualit\u00e4tskontrolle von kompletten Fertigungsanlagen, Baugruppen und einzelnen Bauteilen.<\/p>\r\n<\/div>\r\n\r\n\r\n\r\n<div class=\"wp-block-column is-layout-flow wp-block-column-is-layout-flow\">\r\n<figure class=\"wp-block-image size-large\"><img decoding=\"async\" loading=\"lazy\" width=\"1024\" height=\"683\" src=\"https:\/\/www.kama-maschinenbau.de\/web\/wp-content\/uploads\/2024\/02\/20240124_kama-1_1505-1024x683.jpg\" alt=\"\" class=\"wp-image-39268\" srcset=\"https:\/\/www.kama-maschinenbau.de\/web\/wp-content\/uploads\/2024\/02\/20240124_kama-1_1505-1024x683.jpg 1024w, https:\/\/www.kama-maschinenbau.de\/web\/wp-content\/uploads\/2024\/02\/20240124_kama-1_1505-300x200.jpg 300w, https:\/\/www.kama-maschinenbau.de\/web\/wp-content\/uploads\/2024\/02\/20240124_kama-1_1505-768x512.jpg 768w, https:\/\/www.kama-maschinenbau.de\/web\/wp-content\/uploads\/2024\/02\/20240124_kama-1_1505-1536x1024.jpg 1536w, https:\/\/www.kama-maschinenbau.de\/web\/wp-content\/uploads\/2024\/02\/20240124_kama-1_1505-2048x1365.jpg 2048w\" sizes=\"(max-width: 1024px) 100vw, 1024px\" \/><\/figure>\r\n\r\n\r\n\r\n<p class=\"has-text-align-center\"><strong>Moderner Maschinenpark<br><\/strong>Die Vielf\u00e4ltigkeit unserer Fertigungsm\u00f6glichkeiten kennt dank unserem modernen Maschinenpark keine Grenzen. Wir verf\u00fcgen \u00fcber mehrere 5-Achs-Fr\u00e4smaschinen, CNC-Drehmaschinen, \u2026<\/p>\r\n<\/div>\r\n\r\n\r\n\r\n<div class=\"wp-block-column is-layout-flow wp-block-column-is-layout-flow\">\r\n<figure class=\"wp-block-image size-large\"><img decoding=\"async\" loading=\"lazy\" width=\"1024\" height=\"683\" src=\"https:\/\/www.kama-maschinenbau.de\/web\/wp-content\/uploads\/2024\/02\/20240124_kama-1_1211-1024x683.jpg\" alt=\"\" class=\"wp-image-39270\" srcset=\"https:\/\/www.kama-maschinenbau.de\/web\/wp-content\/uploads\/2024\/02\/20240124_kama-1_1211-1024x683.jpg 1024w, https:\/\/www.kama-maschinenbau.de\/web\/wp-content\/uploads\/2024\/02\/20240124_kama-1_1211-300x200.jpg 300w, https:\/\/www.kama-maschinenbau.de\/web\/wp-content\/uploads\/2024\/02\/20240124_kama-1_1211-768x512.jpg 768w, https:\/\/www.kama-maschinenbau.de\/web\/wp-content\/uploads\/2024\/02\/20240124_kama-1_1211-1536x1024.jpg 1536w, https:\/\/www.kama-maschinenbau.de\/web\/wp-content\/uploads\/2024\/02\/20240124_kama-1_1211-2048x1365.jpg 2048w\" sizes=\"(max-width: 1024px) 100vw, 1024px\" \/><\/figure>\r\n\r\n\r\n\r\n<p class=\"has-text-align-center\"><strong>Projektabwicklung und Konstruktion im Maschinen- und Anlagenbau<br><\/strong>Durch jahrzehntelange Erfahrung in der Konstruktion und Fertigung unterst\u00fctzen wir Sie gerne bei Ihrer Projektplanung und deren Umsetzung. Unser geschultes Personal erkennt Schnittstellenprobleme und entwickelt f\u00fcr Sie optimale Fertigungsl\u00f6sungen.<\/p>\r\n<\/div>\r\n<\/div>\r\n","protected":false},"excerpt":{"rendered":"<p>Willkommen bei der kama Maschinenbau GmbH Die kama Maschinenbau GmbH ist Ihr leistungsstarker Partner rund um den Sondermaschinenbau und die Automatisierungstechnik. Zudem sind wir Lieferant f\u00fcr komplexe Baugruppen und&nbsp;als Einzelteilfertiger. Hochmotiviertes Team mit Know-howUnser Team besteht ausschlie\u00dflich aus Fachkr\u00e4ften und ist bestens geschult f\u00fcr die Planung, Fertigung, Montage und eine abschlie\u00dfende Qualit\u00e4tskontrolle von kompletten Fertigungsanlagen, [&hellip;]<\/p>\n","protected":false},"author":1,"featured_media":0,"parent":0,"menu_order":1,"comment_status":"closed","ping_status":"closed","template":"","meta":{"footnotes":""},"yoast_head":"<!-- This site is optimized with the Yoast SEO plugin v20.0 - https:\/\/yoast.com\/wordpress\/plugins\/seo\/ -->\n<title>Startseite - kama Maschinenbau GmbH<\/title>\n<meta name=\"robots\" content=\"index, follow, max-snippet:-1, max-image-preview:large, max-video-preview:-1\" \/>\n<link rel=\"canonical\" href=\"https:\/\/www.kama-maschinenbau.de\/web\/\" \/>\n<meta property=\"og:locale\" content=\"de_DE\" \/>\n<meta property=\"og:type\" content=\"article\" \/>\n<meta property=\"og:title\" content=\"Startseite - kama Maschinenbau GmbH\" \/>\n<meta property=\"og:description\" content=\"Willkommen bei der kama Maschinenbau GmbH Die kama Maschinenbau GmbH ist Ihr leistungsstarker Partner rund um den Sondermaschinenbau und die Automatisierungstechnik. Zudem sind wir Lieferant f\u00fcr komplexe Baugruppen und&nbsp;als Einzelteilfertiger. Hochmotiviertes Team mit Know-howUnser Team besteht ausschlie\u00dflich aus Fachkr\u00e4ften und ist bestens geschult f\u00fcr die Planung, Fertigung, Montage und eine abschlie\u00dfende Qualit\u00e4tskontrolle von kompletten Fertigungsanlagen, [&hellip;]\" \/>\n<meta property=\"og:url\" content=\"https:\/\/www.kama-maschinenbau.de\/web\/\" \/>\n<meta property=\"og:site_name\" content=\"kama Maschinenbau GmbH\" \/>\n<meta property=\"article:modified_time\" content=\"2026-02-19T13:23:15+00:00\" \/>\n<meta property=\"og:image\" content=\"https:\/\/www.kama-maschinenbau.de\/web\/wp-content\/uploads\/2024\/02\/20240124_kama-1_1569-1024x683.jpg\" \/>\n<meta name=\"twitter:card\" content=\"summary_large_image\" \/>\n<meta name=\"twitter:label1\" content=\"Gesch\u00e4tzte Lesezeit\" \/>\n\t<meta name=\"twitter:data1\" content=\"2 Minuten\" \/>\n<script type=\"application\/ld+json\" class=\"yoast-schema-graph\">{\"@context\":\"https:\/\/schema.org\",\"@graph\":[{\"@type\":\"WebPage\",\"@id\":\"https:\/\/www.kama-maschinenbau.de\/web\/\",\"url\":\"https:\/\/www.kama-maschinenbau.de\/web\/\",\"name\":\"Startseite - kama Maschinenbau GmbH\",\"isPartOf\":{\"@id\":\"https:\/\/www.kama-maschinenbau.de\/web\/#website\"},\"datePublished\":\"2017-10-03T10:27:55+00:00\",\"dateModified\":\"2026-02-19T13:23:15+00:00\",\"breadcrumb\":{\"@id\":\"https:\/\/www.kama-maschinenbau.de\/web\/#breadcrumb\"},\"inLanguage\":\"de-DE\",\"potentialAction\":[{\"@type\":\"ReadAction\",\"target\":[\"https:\/\/www.kama-maschinenbau.de\/web\/\"]}]},{\"@type\":\"BreadcrumbList\",\"@id\":\"https:\/\/www.kama-maschinenbau.de\/web\/#breadcrumb\",\"itemListElement\":[{\"@type\":\"ListItem\",\"position\":1,\"name\":\"Home\",\"item\":\"https:\/\/www.kama-maschinenbau.de\/web\/\"},{\"@type\":\"ListItem\",\"position\":2,\"name\":\"Startseite\"}]},{\"@type\":\"WebSite\",\"@id\":\"https:\/\/www.kama-maschinenbau.de\/web\/#website\",\"url\":\"https:\/\/www.kama-maschinenbau.de\/web\/\",\"name\":\"kama Maschinenbau GmbH\",\"description\":\"Willkommen. Planung und Fertigung von Bauteilen, Baugruppen bis hin zu kompletten Anlagen. Zertifizierter Fachbetrieb mit Tradition. Sondermaschinenbau, u.v.m.\",\"potentialAction\":[{\"@type\":\"SearchAction\",\"target\":{\"@type\":\"EntryPoint\",\"urlTemplate\":\"https:\/\/www.kama-maschinenbau.de\/web\/?s={search_term_string}\"},\"query-input\":\"required name=search_term_string\"}],\"inLanguage\":\"de-DE\"}]}<\/script>\n<!-- \/ Yoast SEO plugin. -->","yoast_head_json":{"title":"Startseite - kama Maschinenbau GmbH","robots":{"index":"index","follow":"follow","max-snippet":"max-snippet:-1","max-image-preview":"max-image-preview:large","max-video-preview":"max-video-preview:-1"},"canonical":"https:\/\/www.kama-maschinenbau.de\/web\/","og_locale":"de_DE","og_type":"article","og_title":"Startseite - kama Maschinenbau GmbH","og_description":"Willkommen bei der kama Maschinenbau GmbH Die kama Maschinenbau GmbH ist Ihr leistungsstarker Partner rund um den Sondermaschinenbau und die Automatisierungstechnik. Zudem sind wir Lieferant f\u00fcr komplexe Baugruppen und&nbsp;als Einzelteilfertiger. Hochmotiviertes Team mit Know-howUnser Team besteht ausschlie\u00dflich aus Fachkr\u00e4ften und ist bestens geschult f\u00fcr die Planung, Fertigung, Montage und eine abschlie\u00dfende Qualit\u00e4tskontrolle von kompletten Fertigungsanlagen, [&hellip;]","og_url":"https:\/\/www.kama-maschinenbau.de\/web\/","og_site_name":"kama Maschinenbau GmbH","article_modified_time":"2026-02-19T13:23:15+00:00","og_image":[{"url":"https:\/\/www.kama-maschinenbau.de\/web\/wp-content\/uploads\/2024\/02\/20240124_kama-1_1569-1024x683.jpg"}],"twitter_card":"summary_large_image","twitter_misc":{"Gesch\u00e4tzte Lesezeit":"2 Minuten"},"schema":{"@context":"https:\/\/schema.org","@graph":[{"@type":"WebPage","@id":"https:\/\/www.kama-maschinenbau.de\/web\/","url":"https:\/\/www.kama-maschinenbau.de\/web\/","name":"Startseite - kama Maschinenbau GmbH","isPartOf":{"@id":"https:\/\/www.kama-maschinenbau.de\/web\/#website"},"datePublished":"2017-10-03T10:27:55+00:00","dateModified":"2026-02-19T13:23:15+00:00","breadcrumb":{"@id":"https:\/\/www.kama-maschinenbau.de\/web\/#breadcrumb"},"inLanguage":"de-DE","potentialAction":[{"@type":"ReadAction","target":["https:\/\/www.kama-maschinenbau.de\/web\/"]}]},{"@type":"BreadcrumbList","@id":"https:\/\/www.kama-maschinenbau.de\/web\/#breadcrumb","itemListElement":[{"@type":"ListItem","position":1,"name":"Home","item":"https:\/\/www.kama-maschinenbau.de\/web\/"},{"@type":"ListItem","position":2,"name":"Startseite"}]},{"@type":"WebSite","@id":"https:\/\/www.kama-maschinenbau.de\/web\/#website","url":"https:\/\/www.kama-maschinenbau.de\/web\/","name":"kama Maschinenbau GmbH","description":"Willkommen. Planung und Fertigung von Bauteilen, Baugruppen bis hin zu kompletten Anlagen. Zertifizierter Fachbetrieb mit Tradition. Sondermaschinenbau, u.v.m.","potentialAction":[{"@type":"SearchAction","target":{"@type":"EntryPoint","urlTemplate":"https:\/\/www.kama-maschinenbau.de\/web\/?s={search_term_string}"},"query-input":"required name=search_term_string"}],"inLanguage":"de-DE"}]}},"_links":{"self":[{"href":"https:\/\/www.kama-maschinenbau.de\/web\/wp-json\/wp\/v2\/pages\/13"}],"collection":[{"href":"https:\/\/www.kama-maschinenbau.de\/web\/wp-json\/wp\/v2\/pages"}],"about":[{"href":"https:\/\/www.kama-maschinenbau.de\/web\/wp-json\/wp\/v2\/types\/page"}],"author":[{"embeddable":true,"href":"https:\/\/www.kama-maschinenbau.de\/web\/wp-json\/wp\/v2\/users\/1"}],"replies":[{"embeddable":true,"href":"https:\/\/www.kama-maschinenbau.de\/web\/wp-json\/wp\/v2\/comments?post=13"}],"version-history":[{"count":17,"href":"https:\/\/www.kama-maschinenbau.de\/web\/wp-json\/wp\/v2\/pages\/13\/revisions"}],"predecessor-version":[{"id":39329,"href":"https:\/\/www.kama-maschinenbau.de\/web\/wp-json\/wp\/v2\/pages\/13\/revisions\/39329"}],"wp:attachment":[{"href":"https:\/\/www.kama-maschinenbau.de\/web\/wp-json\/wp\/v2\/media?parent=13"}],"curies":[{"name":"wp","href":"https:\/\/api.w.org\/{rel}","templated":true}]}}