{"id":11,"date":"2017-10-03T12:26:55","date_gmt":"2017-10-03T10:26:55","guid":{"rendered":"http:\/\/test.kama-maschinenbau.de\/?page_id=11"},"modified":"2026-02-19T14:21:22","modified_gmt":"2026-02-19T13:21:22","slug":"kontakt","status":"publish","type":"page","link":"https:\/\/www.kama-maschinenbau.de\/web\/kontakt\/","title":{"rendered":"Kontakt"},"content":{"rendered":"<h2>Wir sind f\u00fcr Sie da!<\/h2>\n<p>Wir stellen uns den Herausforderungen, damals wie heute! Nehmen Sie Kontakt zu uns auf und nennen Sie uns Ihre Anforderungen. Wir bieten innovative und komplexe L\u00f6sungsvorschl\u00e4ge und setzen diese mit unserem leistungsf\u00e4higen Team erfolgreich um.<\/p>\n<p><strong>kama Maschinenbau GmbH<\/strong><\/p>\n<p>Sch\u00fctzenstra\u00dfe 31<\/p>\n<p>95173 Sch\u00f6nwald<\/p>\n<p>Telefon: +49 (0) 9287 \/ 95600 \u2013 0<\/p>\n<p>Telefax: +49 (0) 9287 \/ 95600 \u2013 15<\/p>\n<p>E-Mail:\u00a0<a href=\"mailto:info@kama-maschinenbau.de\">info@kama-maschinenbau.de<\/a><\/p>\n<p><strong>Gesch\u00e4ftszei<\/strong><strong>ten:<\/strong> Mo-Do 07:00 &#8211; 16:00 Uhr, Fr: 08:00 &#8211; 12:15 Uhr<\/p>\n<hr \/>\n<p><strong>So finden Sie uns:<\/strong> <iframe loading=\"lazy\" style=\"border: 0;\" src=\"https:\/\/www.google.com\/maps\/embed\/v1\/place?q=place_id:ChIJTY4DsZ8CoUcR-buFKa3TBCc&amp;key=AIzaSyAnPDzxeGtvcmCpDEJoHJMfhP8EZKDqVw8\" width=\"100%\" height=\"450\" frameborder=\"0\" allowfullscreen=\"allowfullscreen\"><\/iframe><\/p>\n<hr \/>\n","protected":false},"excerpt":{"rendered":"<p>Wir sind f\u00fcr Sie da! Wir stellen uns den Herausforderungen, damals wie heute! Nehmen Sie Kontakt zu uns auf und nennen Sie uns Ihre Anforderungen. Wir bieten innovative und komplexe L\u00f6sungsvorschl\u00e4ge und setzen diese mit unserem leistungsf\u00e4higen Team erfolgreich um. kama Maschinenbau GmbH Sch\u00fctzenstra\u00dfe 31 95173 Sch\u00f6nwald Telefon: +49 (0) 9287 \/ 95600 \u2013 0 [&hellip;]<\/p>\n","protected":false},"author":1,"featured_media":0,"parent":0,"menu_order":9,"comment_status":"closed","ping_status":"closed","template":"","meta":{"footnotes":""},"yoast_head":"<!-- This site is optimized with the Yoast SEO plugin v20.0 - https:\/\/yoast.com\/wordpress\/plugins\/seo\/ -->\n<title>Kontakt - kama Maschinenbau GmbH<\/title>\n<meta name=\"robots\" content=\"index, follow, max-snippet:-1, max-image-preview:large, max-video-preview:-1\" \/>\n<link rel=\"canonical\" href=\"https:\/\/www.kama-maschinenbau.de\/web\/kontakt\/\" \/>\n<meta property=\"og:locale\" content=\"de_DE\" \/>\n<meta property=\"og:type\" content=\"article\" \/>\n<meta property=\"og:title\" content=\"Kontakt - kama Maschinenbau GmbH\" \/>\n<meta property=\"og:description\" content=\"Wir sind f\u00fcr Sie da! Wir stellen uns den Herausforderungen, damals wie heute! Nehmen Sie Kontakt zu uns auf und nennen Sie uns Ihre Anforderungen. Wir bieten innovative und komplexe L\u00f6sungsvorschl\u00e4ge und setzen diese mit unserem leistungsf\u00e4higen Team erfolgreich um. kama Maschinenbau GmbH Sch\u00fctzenstra\u00dfe 31 95173 Sch\u00f6nwald Telefon: +49 (0) 9287 \/ 95600 \u2013 0 [&hellip;]\" \/>\n<meta property=\"og:url\" content=\"https:\/\/www.kama-maschinenbau.de\/web\/kontakt\/\" \/>\n<meta property=\"og:site_name\" content=\"kama Maschinenbau GmbH\" \/>\n<meta property=\"article:modified_time\" content=\"2026-02-19T13:21:22+00:00\" \/>\n<meta name=\"twitter:card\" content=\"summary_large_image\" \/>\n<script type=\"application\/ld+json\" class=\"yoast-schema-graph\">{\"@context\":\"https:\/\/schema.org\",\"@graph\":[{\"@type\":\"WebPage\",\"@id\":\"https:\/\/www.kama-maschinenbau.de\/web\/kontakt\/\",\"url\":\"https:\/\/www.kama-maschinenbau.de\/web\/kontakt\/\",\"name\":\"Kontakt - kama Maschinenbau GmbH\",\"isPartOf\":{\"@id\":\"https:\/\/www.kama-maschinenbau.de\/web\/#website\"},\"datePublished\":\"2017-10-03T10:26:55+00:00\",\"dateModified\":\"2026-02-19T13:21:22+00:00\",\"breadcrumb\":{\"@id\":\"https:\/\/www.kama-maschinenbau.de\/web\/kontakt\/#breadcrumb\"},\"inLanguage\":\"de-DE\",\"potentialAction\":[{\"@type\":\"ReadAction\",\"target\":[\"https:\/\/www.kama-maschinenbau.de\/web\/kontakt\/\"]}]},{\"@type\":\"BreadcrumbList\",\"@id\":\"https:\/\/www.kama-maschinenbau.de\/web\/kontakt\/#breadcrumb\",\"itemListElement\":[{\"@type\":\"ListItem\",\"position\":1,\"name\":\"Home\",\"item\":\"https:\/\/www.kama-maschinenbau.de\/web\/\"},{\"@type\":\"ListItem\",\"position\":2,\"name\":\"Kontakt\"}]},{\"@type\":\"WebSite\",\"@id\":\"https:\/\/www.kama-maschinenbau.de\/web\/#website\",\"url\":\"https:\/\/www.kama-maschinenbau.de\/web\/\",\"name\":\"kama Maschinenbau GmbH\",\"description\":\"Willkommen. Planung und Fertigung von Bauteilen, Baugruppen bis hin zu kompletten Anlagen. Zertifizierter Fachbetrieb mit Tradition. Sondermaschinenbau, u.v.m.\",\"potentialAction\":[{\"@type\":\"SearchAction\",\"target\":{\"@type\":\"EntryPoint\",\"urlTemplate\":\"https:\/\/www.kama-maschinenbau.de\/web\/?s={search_term_string}\"},\"query-input\":\"required name=search_term_string\"}],\"inLanguage\":\"de-DE\"}]}<\/script>\n<!-- \/ Yoast SEO plugin. -->","yoast_head_json":{"title":"Kontakt - kama Maschinenbau GmbH","robots":{"index":"index","follow":"follow","max-snippet":"max-snippet:-1","max-image-preview":"max-image-preview:large","max-video-preview":"max-video-preview:-1"},"canonical":"https:\/\/www.kama-maschinenbau.de\/web\/kontakt\/","og_locale":"de_DE","og_type":"article","og_title":"Kontakt - kama Maschinenbau GmbH","og_description":"Wir sind f\u00fcr Sie da! Wir stellen uns den Herausforderungen, damals wie heute! Nehmen Sie Kontakt zu uns auf und nennen Sie uns Ihre Anforderungen. Wir bieten innovative und komplexe L\u00f6sungsvorschl\u00e4ge und setzen diese mit unserem leistungsf\u00e4higen Team erfolgreich um. kama Maschinenbau GmbH Sch\u00fctzenstra\u00dfe 31 95173 Sch\u00f6nwald Telefon: +49 (0) 9287 \/ 95600 \u2013 0 [&hellip;]","og_url":"https:\/\/www.kama-maschinenbau.de\/web\/kontakt\/","og_site_name":"kama Maschinenbau GmbH","article_modified_time":"2026-02-19T13:21:22+00:00","twitter_card":"summary_large_image","schema":{"@context":"https:\/\/schema.org","@graph":[{"@type":"WebPage","@id":"https:\/\/www.kama-maschinenbau.de\/web\/kontakt\/","url":"https:\/\/www.kama-maschinenbau.de\/web\/kontakt\/","name":"Kontakt - kama Maschinenbau GmbH","isPartOf":{"@id":"https:\/\/www.kama-maschinenbau.de\/web\/#website"},"datePublished":"2017-10-03T10:26:55+00:00","dateModified":"2026-02-19T13:21:22+00:00","breadcrumb":{"@id":"https:\/\/www.kama-maschinenbau.de\/web\/kontakt\/#breadcrumb"},"inLanguage":"de-DE","potentialAction":[{"@type":"ReadAction","target":["https:\/\/www.kama-maschinenbau.de\/web\/kontakt\/"]}]},{"@type":"BreadcrumbList","@id":"https:\/\/www.kama-maschinenbau.de\/web\/kontakt\/#breadcrumb","itemListElement":[{"@type":"ListItem","position":1,"name":"Home","item":"https:\/\/www.kama-maschinenbau.de\/web\/"},{"@type":"ListItem","position":2,"name":"Kontakt"}]},{"@type":"WebSite","@id":"https:\/\/www.kama-maschinenbau.de\/web\/#website","url":"https:\/\/www.kama-maschinenbau.de\/web\/","name":"kama Maschinenbau GmbH","description":"Willkommen. Planung und Fertigung von Bauteilen, Baugruppen bis hin zu kompletten Anlagen. Zertifizierter Fachbetrieb mit Tradition. Sondermaschinenbau, u.v.m.","potentialAction":[{"@type":"SearchAction","target":{"@type":"EntryPoint","urlTemplate":"https:\/\/www.kama-maschinenbau.de\/web\/?s={search_term_string}"},"query-input":"required name=search_term_string"}],"inLanguage":"de-DE"}]}},"_links":{"self":[{"href":"https:\/\/www.kama-maschinenbau.de\/web\/wp-json\/wp\/v2\/pages\/11"}],"collection":[{"href":"https:\/\/www.kama-maschinenbau.de\/web\/wp-json\/wp\/v2\/pages"}],"about":[{"href":"https:\/\/www.kama-maschinenbau.de\/web\/wp-json\/wp\/v2\/types\/page"}],"author":[{"embeddable":true,"href":"https:\/\/www.kama-maschinenbau.de\/web\/wp-json\/wp\/v2\/users\/1"}],"replies":[{"embeddable":true,"href":"https:\/\/www.kama-maschinenbau.de\/web\/wp-json\/wp\/v2\/comments?post=11"}],"version-history":[{"count":22,"href":"https:\/\/www.kama-maschinenbau.de\/web\/wp-json\/wp\/v2\/pages\/11\/revisions"}],"predecessor-version":[{"id":46754,"href":"https:\/\/www.kama-maschinenbau.de\/web\/wp-json\/wp\/v2\/pages\/11\/revisions\/46754"}],"wp:attachment":[{"href":"https:\/\/www.kama-maschinenbau.de\/web\/wp-json\/wp\/v2\/media?parent=11"}],"curies":[{"name":"wp","href":"https:\/\/api.w.org\/{rel}","templated":true}]}}